{"id":86,"date":"2022-08-17T14:40:51","date_gmt":"2022-08-17T12:40:51","guid":{"rendered":"https:\/\/digital-compliance-group.de\/12towerdigital\/?page_id=86"},"modified":"2025-06-10T16:08:36","modified_gmt":"2025-06-10T14:08:36","slug":"impressum","status":"publish","type":"page","link":"https:\/\/digital-compliance-group.de\/12towerdigital\/impressum\/","title":{"rendered":"Impressum"},"content":{"rendered":"\n<div class=\"wp-block-group alignwide hmb-row has-background-color has-foreground-background-color has-text-color has-background has-link-color wp-elements-8ed6bce263cc028e5eb71b34ffeef382 is-layout-flow wp-block-group-is-layout-flow\" style=\"margin-top:0px;margin-bottom:0px;padding-top:25px;padding-right:1px;padding-bottom:9px;padding-left:1px\">\n<div class=\"wp-block-columns are-vertically-aligned-center is-layout-flex wp-container-core-columns-is-layout-28f84493 wp-block-columns-is-layout-flex\">\n<div class=\"wp-block-column is-vertically-aligned-center is-layout-flow wp-block-column-is-layout-flow\" style=\"flex-basis:100%\"><nav style=\"font-size:18px;font-style:normal;font-weight:300;line-height:3.7;text-transform:capitalize;\" class=\"has-text-color has-background-color has-background has-foreground-background-color is-responsive items-justified-center header-menu-bar wp-block-navigation has-source-serif-pro-font-family is-horizontal is-content-justification-center is-layout-flex wp-container-core-navigation-is-layout-57355c5d wp-block-navigation-is-layout-flex\" aria-label=\"Navigation 2\" \n\t\t data-wp-interactive=\"core\/navigation\" data-wp-context='{\"overlayOpenedBy\":{\"click\":false,\"hover\":false,\"focus\":false},\"type\":\"overlay\",\"roleAttribute\":\"\",\"ariaLabel\":\"Men\\u00fc\"}'><button aria-haspopup=\"dialog\" aria-label=\"Men\u00fc \u00f6ffnen\" class=\"wp-block-navigation__responsive-container-open\" \n\t\t\t\tdata-wp-on--click=\"actions.openMenuOnClick\"\n\t\t\t\tdata-wp-on--keydown=\"actions.handleMenuKeydown\"\n\t\t\t><svg width=\"24\" height=\"24\" xmlns=\"http:\/\/www.w3.org\/2000\/svg\" viewBox=\"0 0 24 24\" aria-hidden=\"true\" focusable=\"false\"><path d=\"M4 7.5h16v1.5H4z\"><\/path><path d=\"M4 15h16v1.5H4z\"><\/path><\/svg><\/button>\n\t\t\t\t<div class=\"wp-block-navigation__responsive-container  has-text-color has-background-color has-background has-foreground-background-color\"  id=\"modal-1\" \n\t\t\t\tdata-wp-class--has-modal-open=\"state.isMenuOpen\"\n\t\t\t\tdata-wp-class--is-menu-open=\"state.isMenuOpen\"\n\t\t\t\tdata-wp-watch=\"callbacks.initMenu\"\n\t\t\t\tdata-wp-on--keydown=\"actions.handleMenuKeydown\"\n\t\t\t\tdata-wp-on--focusout=\"actions.handleMenuFocusout\"\n\t\t\t\ttabindex=\"-1\"\n\t\t\t>\n\t\t\t\t\t<div class=\"wp-block-navigation__responsive-close\" tabindex=\"-1\">\n\t\t\t\t\t\t<div class=\"wp-block-navigation__responsive-dialog\" \n\t\t\t\tdata-wp-bind--aria-modal=\"state.ariaModal\"\n\t\t\t\tdata-wp-bind--aria-label=\"state.ariaLabel\"\n\t\t\t\tdata-wp-bind--role=\"state.roleAttribute\"\n\t\t\t>\n\t\t\t\t\t\t\t<button aria-label=\"Men\u00fc schlie\u00dfen\" class=\"wp-block-navigation__responsive-container-close\" \n\t\t\t\tdata-wp-on--click=\"actions.closeMenuOnClick\"\n\t\t\t><svg xmlns=\"http:\/\/www.w3.org\/2000\/svg\" viewBox=\"0 0 24 24\" width=\"24\" height=\"24\" aria-hidden=\"true\" focusable=\"false\"><path d=\"m13.06 12 6.47-6.47-1.06-1.06L12 10.94 5.53 4.47 4.47 5.53 10.94 12l-6.47 6.47 1.06 1.06L12 13.06l6.47 6.47 1.06-1.06L13.06 12Z\"><\/path><\/svg><\/button>\n\t\t\t\t\t\t\t<div class=\"wp-block-navigation__responsive-container-content\" \n\t\t\t\tdata-wp-watch=\"callbacks.focusFirstElement\"\n\t\t\t id=\"modal-1-content\">\n\t\t\t\t\t\t\t\t<ul style=\"font-size:18px;font-style:normal;font-weight:300;line-height:3.7;text-transform:capitalize;\" class=\"wp-block-navigation__container has-text-color has-background-color has-background has-foreground-background-color is-responsive items-justified-center header-menu-bar wp-block-navigation has-source-serif-pro-font-family\"><li style=\"font-size: 18px;\" class=\" wp-block-navigation-item hmb-12TG wp-block-navigation-link has-system-font-font-family\"><a class=\"wp-block-navigation-item__content\"  href=\"http:\/\/digital-compliance-group.de\/12towerdigital\/12whistle\"><span class=\"wp-block-navigation-item__label\">12whistle<\/span><\/a><\/li><li style=\"font-size: 18px;\" class=\" wp-block-navigation-item hmb-home wp-block-navigation-link has-system-font-font-family\"><a class=\"wp-block-navigation-item__content\"  href=\"https:\/\/digital-compliance-group.de\/\"><span class=\"wp-block-navigation-item__label\">DCG<\/span><\/a><\/li><li class=\"wp-block-navigation-item\"><div class=\"hmb-logo wp-block-site-logo\"><a href=\"https:\/\/digital-compliance-group.de\/12towerdigital\/\" class=\"custom-logo-link\" rel=\"home\"><img decoding=\"async\" width=\"70\" height=\"70\" data-src=\"https:\/\/digital-compliance-group.de\/12towerdigital\/wp-content\/uploads\/sites\/4\/2024\/08\/cropped-12TG_cropped.png\" class=\"custom-logo lazyload\" alt=\"12Tower Digital\" data-srcset=\"https:\/\/digital-compliance-group.de\/12towerdigital\/wp-content\/uploads\/sites\/4\/2024\/08\/cropped-12TG_cropped.png 512w, https:\/\/digital-compliance-group.de\/12towerdigital\/wp-content\/uploads\/sites\/4\/2024\/08\/cropped-12TG_cropped-300x300.png 300w, https:\/\/digital-compliance-group.de\/12towerdigital\/wp-content\/uploads\/sites\/4\/2024\/08\/cropped-12TG_cropped-150x150.png 150w, https:\/\/digital-compliance-group.de\/12towerdigital\/wp-content\/uploads\/sites\/4\/2024\/08\/cropped-12TG_cropped-270x270.png 270w, https:\/\/digital-compliance-group.de\/12towerdigital\/wp-content\/uploads\/sites\/4\/2024\/08\/cropped-12TG_cropped-192x192.png 192w, https:\/\/digital-compliance-group.de\/12towerdigital\/wp-content\/uploads\/sites\/4\/2024\/08\/cropped-12TG_cropped-180x180.png 180w, https:\/\/digital-compliance-group.de\/12towerdigital\/wp-content\/uploads\/sites\/4\/2024\/08\/cropped-12TG_cropped-32x32.png 32w\" data-sizes=\"(max-width: 70px) 100vw, 70px\" src=\"data:image\/gif;base64,R0lGODlhAQABAAAAACH5BAEKAAEALAAAAAABAAEAAAICTAEAOw==\" style=\"--smush-placeholder-width: 70px; --smush-placeholder-aspect-ratio: 70\/70;\" \/><\/a><\/div><\/li><li style=\"font-size: 18px;\" class=\" wp-block-navigation-item hmb-ds wp-block-navigation-link has-system-font-font-family\"><a class=\"wp-block-navigation-item__content\"  href=\"https:\/\/digital-compliance-group.de\/12towerdigital\/datenschutz\/\"><span class=\"wp-block-navigation-item__label\">Datenschutz<\/span><\/a><\/li><li style=\"font-size: 18px;\" class=\" wp-block-navigation-item hmb-impressum wp-block-navigation-link has-system-font-font-family\"><a class=\"wp-block-navigation-item__content\"  href=\"https:\/\/digital-compliance-group.de\/12towerdigital\/impressum\/\"><span class=\"wp-block-navigation-item__label\">Impressum<\/span><\/a><\/li><\/ul>\n\t\t\t\t\t\t\t<\/div>\n\t\t\t\t\t\t<\/div>\n\t\t\t\t\t<\/div>\n\t\t\t\t<\/div><\/nav><\/div>\n<\/div>\n<\/div>\n\n\n\n<h5 class=\"wp-block-heading has-text-align-center has-text-color\" style=\"color:#0084c2;margin-top:75px;font-size:40px;font-style:normal;font-weight:700;letter-spacing:7px;text-transform:uppercase\">ImpressuM<\/h5>\n\n\n\n<meta name=\"viewport\" content=\"width=device-width; initial-scale=1.0\">\n\n\n<style type=\"text\/css\"> \n\n        .hmb-row{\nmargin-top: 0!important;\nmargin-bottom: 0!important;\n}\n\n        \n        .HAS-text{\n        display: flex;\n        font-size: 20px;\n        line-height: 1.9;\n        text-align: justify!important;\n        padding-left: 30px;\n        padding-right: 30px;\n        width: 80%;\n        max-width: 100%!important;\n        margin:0 auto!important;\n        align-content: center;\n        \n        }\n        \n        .wp-block-navigation__responsive-container-open{\n        margin: 0 auto!important;\n        }\n        \n        @media only screen and (max-width: 655px){\n            h6{\n                font-size: 22px!important;\n                padding-bottom: 20px;\n                padding-top: 20px;\n                overflow-wrap: break-word;\n            }\n        \n        .angaben{\n            font-size: 16px!important;\n            text-align: left!important;\n        line-height: 1.2;\n        }\n        \n            .HAS-text{\n                font-size: 16px!important;\n        text-align: justify!important;\n        line-height: 1.9;\n        padding-left: 5px;\n        padding-right: 5px;\n        overflow-wrap: break-word;\n        width: 100%;\n            }\n        \n.HAS-1, .HAS-2, .HAS-3, .HAS-4, .HAS-5{\nfont-size: 16px!important;\npadding-left: 2px!important;\npadding-right: 2px!important;\nwidth: 100%;\n}\n\n        .header-menu-bar{\n        gap: 1rem!important;\n        flex-shrink: 2;\n        flex-grow: 1;\n        }\n        .hmb-logo{\n        display: none!important;\n        }\n        }\n        \n        @media only screen and (min-width: 600px) and (max-width: 960px){\n        .hmb-home, .hmb-ds, .hmb-impressum, .hmb-12TG{\n        font-size: 15px!important;\n        }\n        }\n        \n        @media only screen and (max-width: 600px){\n        \n        \n        h4{\n        font-size: 20px!important;\n        }\n        \n        .hmb-logo{\n        display: none!important;\n        }\n        \n        .has-text-align-center{\n        text-align: center!important;\n        }\n        \n        .wp-block-navigation__responsive-container.is-menu-open{\n        font-size: 18px!important;\n        justify-content: space-between;\n        gap: 0!important;\n        }\n        \n        .fm-home, .fm-ds, .fm-imp{\n        padding-top: 30px!important;\n        padding-bottom: 30px!important;}\n        \n        \n        }\n        <\/style>\n\n\n\n<div class=\"wp-block-group angaben is-vertical is-layout-flex wp-container-core-group-is-layout-fe9cc265 wp-block-group-is-layout-flex\">\n<p><strong>12Tower Digital GmbH<\/strong><\/p>\n\n\n\n<p>Mitterweg 36a<\/p>\n\n\n\n<p>83233 Bernau am Chiemsee<\/p>\n\n\n\n<p><strong>Umsatzsteuer-ID:<\/strong> DE318317312<\/p>\n\n\n\n<p>Amtsgericht Traunstein \u2013 Registergericht, HRB 27022<\/p>\n\n\n\n<p><strong>Telefon:<\/strong> +49 (0)8031 35 09 403<\/p>\n\n\n\n<p><strong>E-Mail:<\/strong> service@12tower-digital.de<\/p>\n\n\n\n<p><strong>Vertreten durch:<\/strong> Gesch\u00e4ftsf\u00fchrer Thomas Richter<\/p>\n<\/div>\n\n\n\n<h6 class=\"wp-block-heading has-text-align-center has-text-color\" style=\"color:#51c7ff;margin-top:var(--wp--preset--spacing--80);margin-bottom:var(--wp--preset--spacing--70);font-size:30px;font-style:normal;font-weight:600;letter-spacing:3px;line-height:1.7\">Haftungsausschluss<\/h6>\n\n\n\n<div class=\"wp-block-group alignwide HAS-text is-vertical is-content-justification-left is-layout-flex wp-container-core-group-is-layout-dd225191 wp-block-group-is-layout-flex\">\n<h4 class=\"wp-block-heading has-text-color\" style=\"color:#51c7ff;font-size:23px;font-style:normal;font-weight:600\">Haftung f\u00fcr Inhalte<\/h4>\n\n\n\n<p class=\"HAS-1\" style=\"font-size:20px\">Die Inhalte unserer Seiten wurden mit gr\u00f6\u00dfter Sorgfalt erstellt. F\u00fcr die Richtigkeit, Vollst\u00e4ndigkeit und Aktualit\u00e4t der Inhalte k\u00f6nnen wir jedoch keine Gew\u00e4hr \u00fcbernehmen. Als Diensteanbieter sind wir f\u00fcr eigene Inhalte auf diesen Seiten nach den allgemeinen Gesetzen verantwortlich. Wir sind jedoch nicht verpflichtet, \u00fcbermittelte oder gespeicherte fremde Informationen zu \u00fcberwachen oder nach Umst\u00e4nden zu forschen, die auf eine rechtswidrige T\u00e4tigkeit hinweisen. Verpflichtungen zur Entfernung oder Sperrung der Nutzung von Informationen nach den allgemeinen Gesetzen bleiben hiervon unber\u00fchrt. Eine diesbez\u00fcgliche Haftung ist jedoch erst ab dem Zeitpunkt der Kenntnis einer konkreten Rechtsverletzung m\u00f6glich. Bei Bekanntwerden von entsprechenden Rechtsverletzungen werden wir diese Inhalte umgehend entfernen.<\/p>\n\n\n\n<p class=\"HAS-2\" style=\"font-size:20px\">Im Falle wettbewerbsrechtlicher oder \u00e4hnlicher Probleme bitte ich Sie, zur Vermeidung unn\u00f6tiger Rechtsstreite und unn\u00f6tiger Kosten, uns bereits im Vorfeld zu kontaktieren. Die Kostennote einer anwaltlichen Abmahnung, ohne vorhergehende Kontaktaufnahme mit dem Betreiber dieser Seite, wird im Sinne der Schadensminderungspflicht als unbegr\u00fcndet zur\u00fcckgewiesen.<\/p>\n\n\n\n<h4 class=\"wp-block-heading has-text-color\" style=\"color:#51c7ff;font-size:23px;font-style:normal;font-weight:600\">Haftung f\u00fcr Links<\/h4>\n\n\n\n<p class=\"HAS-3\" style=\"font-size:20px\">Unser Angebot enth\u00e4lt Links zu externen Webseiten Dritter, auf deren Inhalte wir keinen Einfluss haben. Deshalb k\u00f6nnen wir f\u00fcr diese fremden Inhalte auch keine Gew\u00e4hr \u00fcbernehmen. F\u00fcr die Inhalte der verlinkten Seiten ist stets der jeweilige Anbieter oder Betreiber der Seiten verantwortlich. Die verlinkten Seiten wurden zum Zeitpunkt der Verlinkung auf m\u00f6gliche Rechtsverst\u00f6\u00dfe \u00fcberpr\u00fcft. Rechtswidrige Inhalte waren zum Zeitpunkt der Verlinkung nicht erkennbar. Eine permanente inhaltliche Kontrolle der verlinkten Seiten ist jedoch ohne konkrete Anhaltspunkte einer Rechtsverletzung nicht zumutbar. Bei Bekanntwerden von Rechtsverletzungen werden wir derartige Links umgehend entfernen.<\/p>\n\n\n\n<h4 class=\"wp-block-heading has-text-color\" style=\"color:#51c7ff;font-size:23px;font-style:normal;font-weight:600\">Urheberrecht<\/h4>\n\n\n\n<p class=\"HAS-4\" style=\"font-size:20px\">Die durch die Seitenbetreiber erstellten Inhalte und Werke auf diesen Seiten unterliegen dem deutschen Urheberrecht. Die Vervielf\u00e4ltigung, Bearbeitung, Verbreitung und jede Art der Verwertung au\u00dferhalb der Grenzen des Urheberrechtes bed\u00fcrfen der schriftlichen Zustimmung des jeweiligen Autors bzw. Erstellers. Downloads und Kopien dieser Seite sind nur f\u00fcr den privaten, nicht kommerziellen Gebrauch gestattet. Soweit die Inhalte auf dieser Seite nicht vom Betreiber erstellt wurden, werden die Urheberrechte Dritter beachtet. Insbesondere werden Inhalte Dritter als solche gekennzeichnet. Sollten Sie trotzdem auf eine Urheberrechtsverletzung aufmerksam werden, bitten wir um einen entsprechenden Hinweis. Bei Bekanntwerden von Rechtsverletzungen werden wir derartige Inhalte umgehend entfernen.<\/p>\n\n\n\n<h4 class=\"wp-block-heading has-text-color\" style=\"color:#51c7ff;font-size:23px;font-style:normal;font-weight:600\">Streitbeilegung<\/h4>\n\n\n\n<p class=\"HAS-5\" style=\"font-size:20px\">Die EU-Kommission stellt eine Plattform zur Online-Streitbeilegung (OS-Plattform) bereit. Diese ist hier zu finden:<br><a href=\"https:\/\/ec.europa.eu\/consumers\/odr\/main\/index.cfm?event=main.home.chooseLanguage\" target=\"_blank\" rel=\"noreferrer noopener\">www.ec.europa.eu\/consumers\/odr<\/a>. <br>Wir sind zur Teilnahme an einem Streitbeilegungsverfahren vor einer Verbraucherschlichtungsstelle weder verpflichtet noch bereit.<\/p>\n<\/div>\n","protected":false},"excerpt":{"rendered":"<p>ImpressuM 12Tower Digital GmbH Mitterweg 36a 83233 Bernau am Chiemsee Umsatzsteuer-ID: DE318317312 Amtsgericht Traunstein \u2013 Registergericht, HRB 27022 Telefon: +49 (0)8031 35 09 403 E-Mail: service@12tower-digital.de Vertreten durch: Gesch\u00e4ftsf\u00fchrer Thomas Richter Haftungsausschluss Haftung f\u00fcr Inhalte Die Inhalte unserer Seiten wurden mit gr\u00f6\u00dfter Sorgfalt erstellt. F\u00fcr die Richtigkeit, Vollst\u00e4ndigkeit und Aktualit\u00e4t der Inhalte k\u00f6nnen wir jedoch [&hellip;]<\/p>\n","protected":false},"author":1,"featured_media":0,"parent":0,"menu_order":0,"comment_status":"closed","ping_status":"closed","template":"","meta":{"_acf_changed":false,"footnotes":""},"class_list":["post-86","page","type-page","status-publish","hentry"],"acf":[],"yoast_head":"<!-- This site is optimized with the Yoast SEO plugin v27.5 - https:\/\/yoast.com\/product\/yoast-seo-wordpress\/ -->\n<title>Impressum - 12Tower Digital<\/title>\n<meta name=\"robots\" content=\"index, follow, max-snippet:-1, max-image-preview:large, max-video-preview:-1\" \/>\n<link rel=\"canonical\" href=\"https:\/\/digital-compliance-group.de\/12towerdigital\/impressum\/\" \/>\n<meta property=\"og:locale\" content=\"de_DE\" \/>\n<meta property=\"og:type\" content=\"article\" \/>\n<meta property=\"og:title\" content=\"Impressum - 12Tower Digital\" \/>\n<meta property=\"og:description\" content=\"ImpressuM 12Tower Digital GmbH Mitterweg 36a 83233 Bernau am Chiemsee Umsatzsteuer-ID: DE318317312 Amtsgericht Traunstein \u2013 Registergericht, HRB 27022 Telefon: +49 (0)8031 35 09 403 E-Mail: service@12tower-digital.de Vertreten durch: Gesch\u00e4ftsf\u00fchrer Thomas Richter Haftungsausschluss Haftung f\u00fcr Inhalte Die Inhalte unserer Seiten wurden mit gr\u00f6\u00dfter Sorgfalt erstellt. F\u00fcr die Richtigkeit, Vollst\u00e4ndigkeit und Aktualit\u00e4t der Inhalte k\u00f6nnen wir jedoch [&hellip;]\" \/>\n<meta property=\"og:url\" content=\"https:\/\/digital-compliance-group.de\/12towerdigital\/impressum\/\" \/>\n<meta property=\"og:site_name\" content=\"12Tower Digital\" \/>\n<meta property=\"article:modified_time\" content=\"2025-06-10T14:08:36+00:00\" \/>\n<meta name=\"twitter:card\" content=\"summary_large_image\" \/>\n<meta name=\"twitter:label1\" content=\"Gesch\u00e4tzte Lesezeit\" \/>\n\t<meta name=\"twitter:data1\" content=\"3\u00a0Minuten\" \/>\n<script type=\"application\/ld+json\" class=\"yoast-schema-graph\">{\"@context\":\"https:\\\/\\\/schema.org\",\"@graph\":[{\"@type\":\"WebPage\",\"@id\":\"https:\\\/\\\/digital-compliance-group.de\\\/12towerdigital\\\/impressum\\\/\",\"url\":\"https:\\\/\\\/digital-compliance-group.de\\\/12towerdigital\\\/impressum\\\/\",\"name\":\"Impressum - 12Tower Digital\",\"isPartOf\":{\"@id\":\"https:\\\/\\\/digital-compliance-group.de\\\/12towerdigital\\\/#website\"},\"datePublished\":\"2022-08-17T12:40:51+00:00\",\"dateModified\":\"2025-06-10T14:08:36+00:00\",\"breadcrumb\":{\"@id\":\"https:\\\/\\\/digital-compliance-group.de\\\/12towerdigital\\\/impressum\\\/#breadcrumb\"},\"inLanguage\":\"de\",\"potentialAction\":[{\"@type\":\"ReadAction\",\"target\":[\"https:\\\/\\\/digital-compliance-group.de\\\/12towerdigital\\\/impressum\\\/\"]}]},{\"@type\":\"BreadcrumbList\",\"@id\":\"https:\\\/\\\/digital-compliance-group.de\\\/12towerdigital\\\/impressum\\\/#breadcrumb\",\"itemListElement\":[{\"@type\":\"ListItem\",\"position\":1,\"name\":\"Startseite\",\"item\":\"https:\\\/\\\/digital-compliance-group.de\\\/12towerdigital\\\/\"},{\"@type\":\"ListItem\",\"position\":2,\"name\":\"Impressum\"}]},{\"@type\":\"WebSite\",\"@id\":\"https:\\\/\\\/digital-compliance-group.de\\\/12towerdigital\\\/#website\",\"url\":\"https:\\\/\\\/digital-compliance-group.de\\\/12towerdigital\\\/\",\"name\":\"12Tower Digital\",\"description\":\"Digital Compliance Group\",\"publisher\":{\"@id\":\"https:\\\/\\\/digital-compliance-group.de\\\/12towerdigital\\\/#organization\"},\"potentialAction\":[{\"@type\":\"SearchAction\",\"target\":{\"@type\":\"EntryPoint\",\"urlTemplate\":\"https:\\\/\\\/digital-compliance-group.de\\\/12towerdigital\\\/?s={search_term_string}\"},\"query-input\":{\"@type\":\"PropertyValueSpecification\",\"valueRequired\":true,\"valueName\":\"search_term_string\"}}],\"inLanguage\":\"de\"},{\"@type\":\"Organization\",\"@id\":\"https:\\\/\\\/digital-compliance-group.de\\\/12towerdigital\\\/#organization\",\"name\":\"12Tower Digital\",\"url\":\"https:\\\/\\\/digital-compliance-group.de\\\/12towerdigital\\\/\",\"logo\":{\"@type\":\"ImageObject\",\"inLanguage\":\"de\",\"@id\":\"https:\\\/\\\/digital-compliance-group.de\\\/12towerdigital\\\/#\\\/schema\\\/logo\\\/image\\\/\",\"url\":\"https:\\\/\\\/digital-compliance-group.de\\\/12towerdigital\\\/wp-content\\\/uploads\\\/sites\\\/4\\\/2024\\\/08\\\/cropped-12TG_cropped.png\",\"contentUrl\":\"https:\\\/\\\/digital-compliance-group.de\\\/12towerdigital\\\/wp-content\\\/uploads\\\/sites\\\/4\\\/2024\\\/08\\\/cropped-12TG_cropped.png\",\"width\":512,\"height\":512,\"caption\":\"12Tower Digital\"},\"image\":{\"@id\":\"https:\\\/\\\/digital-compliance-group.de\\\/12towerdigital\\\/#\\\/schema\\\/logo\\\/image\\\/\"}}]}<\/script>\n<!-- \/ Yoast SEO plugin. -->","yoast_head_json":{"title":"Impressum - 12Tower Digital","robots":{"index":"index","follow":"follow","max-snippet":"max-snippet:-1","max-image-preview":"max-image-preview:large","max-video-preview":"max-video-preview:-1"},"canonical":"https:\/\/digital-compliance-group.de\/12towerdigital\/impressum\/","og_locale":"de_DE","og_type":"article","og_title":"Impressum - 12Tower Digital","og_description":"ImpressuM 12Tower Digital GmbH Mitterweg 36a 83233 Bernau am Chiemsee Umsatzsteuer-ID: DE318317312 Amtsgericht Traunstein \u2013 Registergericht, HRB 27022 Telefon: +49 (0)8031 35 09 403 E-Mail: service@12tower-digital.de Vertreten durch: Gesch\u00e4ftsf\u00fchrer Thomas Richter Haftungsausschluss Haftung f\u00fcr Inhalte Die Inhalte unserer Seiten wurden mit gr\u00f6\u00dfter Sorgfalt erstellt. F\u00fcr die Richtigkeit, Vollst\u00e4ndigkeit und Aktualit\u00e4t der Inhalte k\u00f6nnen wir jedoch [&hellip;]","og_url":"https:\/\/digital-compliance-group.de\/12towerdigital\/impressum\/","og_site_name":"12Tower Digital","article_modified_time":"2025-06-10T14:08:36+00:00","twitter_card":"summary_large_image","twitter_misc":{"Gesch\u00e4tzte Lesezeit":"3\u00a0Minuten"},"schema":{"@context":"https:\/\/schema.org","@graph":[{"@type":"WebPage","@id":"https:\/\/digital-compliance-group.de\/12towerdigital\/impressum\/","url":"https:\/\/digital-compliance-group.de\/12towerdigital\/impressum\/","name":"Impressum - 12Tower Digital","isPartOf":{"@id":"https:\/\/digital-compliance-group.de\/12towerdigital\/#website"},"datePublished":"2022-08-17T12:40:51+00:00","dateModified":"2025-06-10T14:08:36+00:00","breadcrumb":{"@id":"https:\/\/digital-compliance-group.de\/12towerdigital\/impressum\/#breadcrumb"},"inLanguage":"de","potentialAction":[{"@type":"ReadAction","target":["https:\/\/digital-compliance-group.de\/12towerdigital\/impressum\/"]}]},{"@type":"BreadcrumbList","@id":"https:\/\/digital-compliance-group.de\/12towerdigital\/impressum\/#breadcrumb","itemListElement":[{"@type":"ListItem","position":1,"name":"Startseite","item":"https:\/\/digital-compliance-group.de\/12towerdigital\/"},{"@type":"ListItem","position":2,"name":"Impressum"}]},{"@type":"WebSite","@id":"https:\/\/digital-compliance-group.de\/12towerdigital\/#website","url":"https:\/\/digital-compliance-group.de\/12towerdigital\/","name":"12Tower Digital","description":"Digital Compliance Group","publisher":{"@id":"https:\/\/digital-compliance-group.de\/12towerdigital\/#organization"},"potentialAction":[{"@type":"SearchAction","target":{"@type":"EntryPoint","urlTemplate":"https:\/\/digital-compliance-group.de\/12towerdigital\/?s={search_term_string}"},"query-input":{"@type":"PropertyValueSpecification","valueRequired":true,"valueName":"search_term_string"}}],"inLanguage":"de"},{"@type":"Organization","@id":"https:\/\/digital-compliance-group.de\/12towerdigital\/#organization","name":"12Tower Digital","url":"https:\/\/digital-compliance-group.de\/12towerdigital\/","logo":{"@type":"ImageObject","inLanguage":"de","@id":"https:\/\/digital-compliance-group.de\/12towerdigital\/#\/schema\/logo\/image\/","url":"https:\/\/digital-compliance-group.de\/12towerdigital\/wp-content\/uploads\/sites\/4\/2024\/08\/cropped-12TG_cropped.png","contentUrl":"https:\/\/digital-compliance-group.de\/12towerdigital\/wp-content\/uploads\/sites\/4\/2024\/08\/cropped-12TG_cropped.png","width":512,"height":512,"caption":"12Tower Digital"},"image":{"@id":"https:\/\/digital-compliance-group.de\/12towerdigital\/#\/schema\/logo\/image\/"}}]}},"_links":{"self":[{"href":"https:\/\/digital-compliance-group.de\/12towerdigital\/wp-json\/wp\/v2\/pages\/86","targetHints":{"allow":["GET"]}}],"collection":[{"href":"https:\/\/digital-compliance-group.de\/12towerdigital\/wp-json\/wp\/v2\/pages"}],"about":[{"href":"https:\/\/digital-compliance-group.de\/12towerdigital\/wp-json\/wp\/v2\/types\/page"}],"author":[{"embeddable":true,"href":"https:\/\/digital-compliance-group.de\/12towerdigital\/wp-json\/wp\/v2\/users\/1"}],"replies":[{"embeddable":true,"href":"https:\/\/digital-compliance-group.de\/12towerdigital\/wp-json\/wp\/v2\/comments?post=86"}],"version-history":[{"count":83,"href":"https:\/\/digital-compliance-group.de\/12towerdigital\/wp-json\/wp\/v2\/pages\/86\/revisions"}],"predecessor-version":[{"id":1821,"href":"https:\/\/digital-compliance-group.de\/12towerdigital\/wp-json\/wp\/v2\/pages\/86\/revisions\/1821"}],"wp:attachment":[{"href":"https:\/\/digital-compliance-group.de\/12towerdigital\/wp-json\/wp\/v2\/media?parent=86"}],"curies":[{"name":"wp","href":"https:\/\/api.w.org\/{rel}","templated":true}]}}