{"id":1516,"date":"2023-11-13T08:56:04","date_gmt":"2023-11-13T07:56:04","guid":{"rendered":"https:\/\/digital-compliance-group.de\/12towerdigital\/?page_id=1516"},"modified":"2024-07-29T15:14:58","modified_gmt":"2024-07-29T13:14:58","slug":"12whistle","status":"publish","type":"page","link":"https:\/\/digital-compliance-group.de\/12towerdigital\/12whistle\/","title":{"rendered":"12whistle"},"content":{"rendered":"\n<style type=\"text\/css\">\n\n.header-menu-bar{\npadding: 0!important;\n}\n\n.wp-block-post-title{\ndisplay: none;\n}\n\n.cover-titles{\nmargin-top: -20px;\n}\n\n.whistle_cover{\nmax-width: 100%;\nwidth: 80%;\npadding-right: 0!important;\n}\n\n.intro-text{\nmax-width: 100%;\nwidth: 75%;\nmargin-top: 10px;\npadding: 40px;\nmargin-left: 25px;\n}\n\n.12w-title{\ncolor: #33be3b;\nfont-size: 60px;\nfont-style: normal;\nfont-weight: 800;\n}\n\n\nh4{\nmax-width: 100%;\nwidth: 50%;\ntext-align: center;\n}\n\n.angebot-list{\nfont-size: 18px;\nfont-weight: 400;\nline-height: 1.8;\n}\n\n.angebot{\nmargin-bottom: 100px;\nmargin-top: 50px;\n}\n\n<\/style>\n\n\n\n<style type=\"text\/css\">\n@media only screen and (max-width: 600px){\n\n.whistle_cover{\nwidth: 100%;\npadding-left: 0!important;\n}\n\n.cover-titles{\npadding: 0;\nmargin: 0 auto!important;\n}\n\n.12w-title{\nfont-size: 30px;\nline-height: 1.8;\n}\n\n.12w-subtitle{\nfont-size: 20px;\nfont-style: normal;\nfont-weight: 400;\nline-height: 2;\nhyphens: auto;\ntext-align: justify;\n}\n\nh4{\nmargin-left: 0!important;\nmargin-right: 0!important;\npadding-left: 0;\npadding-right: 0;\npadding-top: 20px;\nwidth: 100%;\n}\n\n.intro-text{\npadding: 0;\nmargin-left: 0;\nmargin-top: 10px;\nmax-width: 100%;\nwidth: 100%;\ntext-align: left;\n}\n\n.is-style-rounded{\npadding-left: 0!important;\nwidth: 50%!important;\nheight: auto;\n}\n.angebot-list{\nfont-size: 16px;\n}\n}\n\n@media only screen and (min-width: 600px) and (max-width: 960px){\n\n.list{\npadding-left: 100px!important;\n}\n}\n\n@media only screen and (min-width: 960px) and (max-width: 1200px){\n\n.whistle_cover{\npadding-left: 0!important;\n}\n\nul{\nwidth: 85%;\n}\n\n.list{\npadding-left: 100px!important;\n}\n\n}\n<\/style>\n\n\n\n<div class=\"wp-block-group alignwide hmb-row has-background-color has-foreground-background-color has-text-color has-background has-link-color wp-elements-8ed6bce263cc028e5eb71b34ffeef382 is-layout-flow wp-block-group-is-layout-flow\" style=\"margin-top:0px;margin-bottom:0px;padding-top:25px;padding-right:1px;padding-bottom:9px;padding-left:1px\">\n<div class=\"wp-block-columns are-vertically-aligned-center is-layout-flex wp-container-core-columns-is-layout-28f84493 wp-block-columns-is-layout-flex\">\n<div class=\"wp-block-column is-vertically-aligned-center is-layout-flow wp-block-column-is-layout-flow\" style=\"flex-basis:100%\"><nav style=\"font-size:18px;font-style:normal;font-weight:300;line-height:3.7;text-transform:capitalize;\" class=\"has-text-color has-background-color has-background has-foreground-background-color is-responsive items-justified-center header-menu-bar wp-block-navigation has-source-serif-pro-font-family is-horizontal is-content-justification-center is-layout-flex wp-container-core-navigation-is-layout-57355c5d wp-block-navigation-is-layout-flex\" aria-label=\"Navigation 2\" \n\t\t data-wp-interactive=\"core\/navigation\" data-wp-context='{\"overlayOpenedBy\":{\"click\":false,\"hover\":false,\"focus\":false},\"type\":\"overlay\",\"roleAttribute\":\"\",\"ariaLabel\":\"Men\\u00fc\"}'><button aria-haspopup=\"dialog\" aria-label=\"Men\u00fc \u00f6ffnen\" class=\"wp-block-navigation__responsive-container-open\" \n\t\t\t\tdata-wp-on--click=\"actions.openMenuOnClick\"\n\t\t\t\tdata-wp-on--keydown=\"actions.handleMenuKeydown\"\n\t\t\t><svg width=\"24\" height=\"24\" xmlns=\"http:\/\/www.w3.org\/2000\/svg\" viewBox=\"0 0 24 24\" aria-hidden=\"true\" focusable=\"false\"><path d=\"M4 7.5h16v1.5H4z\"><\/path><path d=\"M4 15h16v1.5H4z\"><\/path><\/svg><\/button>\n\t\t\t\t<div class=\"wp-block-navigation__responsive-container  has-text-color has-background-color has-background has-foreground-background-color\"  id=\"modal-1\" \n\t\t\t\tdata-wp-class--has-modal-open=\"state.isMenuOpen\"\n\t\t\t\tdata-wp-class--is-menu-open=\"state.isMenuOpen\"\n\t\t\t\tdata-wp-watch=\"callbacks.initMenu\"\n\t\t\t\tdata-wp-on--keydown=\"actions.handleMenuKeydown\"\n\t\t\t\tdata-wp-on--focusout=\"actions.handleMenuFocusout\"\n\t\t\t\ttabindex=\"-1\"\n\t\t\t>\n\t\t\t\t\t<div class=\"wp-block-navigation__responsive-close\" tabindex=\"-1\">\n\t\t\t\t\t\t<div class=\"wp-block-navigation__responsive-dialog\" \n\t\t\t\tdata-wp-bind--aria-modal=\"state.ariaModal\"\n\t\t\t\tdata-wp-bind--aria-label=\"state.ariaLabel\"\n\t\t\t\tdata-wp-bind--role=\"state.roleAttribute\"\n\t\t\t>\n\t\t\t\t\t\t\t<button aria-label=\"Men\u00fc schlie\u00dfen\" class=\"wp-block-navigation__responsive-container-close\" \n\t\t\t\tdata-wp-on--click=\"actions.closeMenuOnClick\"\n\t\t\t><svg xmlns=\"http:\/\/www.w3.org\/2000\/svg\" viewBox=\"0 0 24 24\" width=\"24\" height=\"24\" aria-hidden=\"true\" focusable=\"false\"><path d=\"m13.06 12 6.47-6.47-1.06-1.06L12 10.94 5.53 4.47 4.47 5.53 10.94 12l-6.47 6.47 1.06 1.06L12 13.06l6.47 6.47 1.06-1.06L13.06 12Z\"><\/path><\/svg><\/button>\n\t\t\t\t\t\t\t<div class=\"wp-block-navigation__responsive-container-content\" \n\t\t\t\tdata-wp-watch=\"callbacks.focusFirstElement\"\n\t\t\t id=\"modal-1-content\">\n\t\t\t\t\t\t\t\t<ul style=\"font-size:18px;font-style:normal;font-weight:300;line-height:3.7;text-transform:capitalize;\" class=\"wp-block-navigation__container has-text-color has-background-color has-background has-foreground-background-color is-responsive items-justified-center header-menu-bar wp-block-navigation has-source-serif-pro-font-family\"><li style=\"font-size: 18px;\" class=\" wp-block-navigation-item hmb-12TG wp-block-navigation-link has-system-font-font-family\"><a class=\"wp-block-navigation-item__content\"  href=\"http:\/\/digital-compliance-group.de\/12towerdigital\/12whistle\"><span class=\"wp-block-navigation-item__label\">12whistle<\/span><\/a><\/li><li style=\"font-size: 18px;\" class=\" wp-block-navigation-item hmb-home wp-block-navigation-link has-system-font-font-family\"><a class=\"wp-block-navigation-item__content\"  href=\"https:\/\/digital-compliance-group.de\/\"><span class=\"wp-block-navigation-item__label\">DCG<\/span><\/a><\/li><li class=\"wp-block-navigation-item\"><div class=\"hmb-logo wp-block-site-logo\"><a href=\"https:\/\/digital-compliance-group.de\/12towerdigital\/\" class=\"custom-logo-link\" rel=\"home\"><img decoding=\"async\" width=\"70\" height=\"70\" data-src=\"https:\/\/digital-compliance-group.de\/12towerdigital\/wp-content\/uploads\/sites\/4\/2024\/08\/cropped-12TG_cropped.png\" class=\"custom-logo lazyload\" alt=\"12Tower Digital\" data-srcset=\"https:\/\/digital-compliance-group.de\/12towerdigital\/wp-content\/uploads\/sites\/4\/2024\/08\/cropped-12TG_cropped.png 512w, https:\/\/digital-compliance-group.de\/12towerdigital\/wp-content\/uploads\/sites\/4\/2024\/08\/cropped-12TG_cropped-300x300.png 300w, https:\/\/digital-compliance-group.de\/12towerdigital\/wp-content\/uploads\/sites\/4\/2024\/08\/cropped-12TG_cropped-150x150.png 150w, https:\/\/digital-compliance-group.de\/12towerdigital\/wp-content\/uploads\/sites\/4\/2024\/08\/cropped-12TG_cropped-270x270.png 270w, https:\/\/digital-compliance-group.de\/12towerdigital\/wp-content\/uploads\/sites\/4\/2024\/08\/cropped-12TG_cropped-192x192.png 192w, https:\/\/digital-compliance-group.de\/12towerdigital\/wp-content\/uploads\/sites\/4\/2024\/08\/cropped-12TG_cropped-180x180.png 180w, https:\/\/digital-compliance-group.de\/12towerdigital\/wp-content\/uploads\/sites\/4\/2024\/08\/cropped-12TG_cropped-32x32.png 32w\" data-sizes=\"(max-width: 70px) 100vw, 70px\" src=\"data:image\/gif;base64,R0lGODlhAQABAAAAACH5BAEKAAEALAAAAAABAAEAAAICTAEAOw==\" style=\"--smush-placeholder-width: 70px; --smush-placeholder-aspect-ratio: 70\/70;\" \/><\/a><\/div><\/li><li style=\"font-size: 18px;\" class=\" wp-block-navigation-item hmb-ds wp-block-navigation-link has-system-font-font-family\"><a class=\"wp-block-navigation-item__content\"  href=\"https:\/\/digital-compliance-group.de\/12towerdigital\/datenschutz\/\"><span class=\"wp-block-navigation-item__label\">Datenschutz<\/span><\/a><\/li><li style=\"font-size: 18px;\" class=\" wp-block-navigation-item hmb-impressum wp-block-navigation-link has-system-font-font-family\"><a class=\"wp-block-navigation-item__content\"  href=\"https:\/\/digital-compliance-group.de\/12towerdigital\/impressum\/\"><span class=\"wp-block-navigation-item__label\">Impressum<\/span><\/a><\/li><\/ul>\n\t\t\t\t\t\t\t<\/div>\n\t\t\t\t\t\t<\/div>\n\t\t\t\t\t<\/div>\n\t\t\t\t<\/div><\/nav><\/div>\n<\/div>\n<\/div>\n\n\n\n<div class=\"wp-block-columns alignwide whistle_cover is-layout-flex wp-container-core-columns-is-layout-a5331a9e wp-block-columns-is-layout-flex\" style=\"padding-top:0;padding-right:0;padding-bottom:0;padding-left:0\">\n<div class=\"wp-block-column is-vertically-aligned-center cover-titles is-layout-flow wp-block-column-is-layout-flow\" style=\"flex-basis:64.1%\">\n<h2 class=\"wp-block-heading 12w-title has-text-color\" style=\"color:#33be3b;font-style:normal;font-weight:600\">Das anonyme Hinweisgebersystem <br>Made in Germany<\/h2>\n\n\n\n<p class=\"12w-subtitle\" style=\"font-size:20px;font-style:normal;font-weight:400;line-height:2\">Wir unterst\u00fctzen Sie bei der Umsetzung der EU-Whistleblowingrichtlinie.<br>Ihre Mitarbeiter k\u00f6nnen einfach, sicher und anonym etwaige Verst\u00f6\u00dfe gegen Gesetze oder Compliance-Policys melden.<\/p>\n\n\n\n<p><\/p>\n<\/div>\n\n\n\n<div class=\"wp-block-column is-vertically-aligned-center is-layout-flow wp-block-column-is-layout-flow\">\n<figure class=\"wp-block-image aligncenter size-large is-resized is-style-rounded\"><img decoding=\"async\" width=\"712\" height=\"1024\" data-src=\"https:\/\/digital-compliance-group.de\/12towerdigital\/wp-content\/uploads\/sites\/4\/2023\/11\/whistle_green-712x1024.png\" alt=\"\" class=\"wp-image-1518 lazyload\" style=\"--smush-placeholder-width: 712px; --smush-placeholder-aspect-ratio: 712\/1024;width:489px\" src=\"data:image\/gif;base64,R0lGODlhAQABAAAAACH5BAEKAAEALAAAAAABAAEAAAICTAEAOw==\" \/><\/figure>\n<\/div>\n<\/div>\n\n\n\n<div class=\"wp-block-group alignwide is-layout-constrained wp-container-core-group-is-layout-52520bdf wp-block-group-is-layout-constrained\">\n<p class=\"has-text-align-center intro-text\" style=\"font-style:normal;font-weight:400\">Ein weiteres wichtiges Anliegen f\u00fcr uns ist der Schutz von Whistleblowern, die sich f\u00fcr die Aufdeckung von Missst\u00e4nden einsetzen. Wir bieten einen vertraulichen und sicheren Whistleblowing-Service, der es Mitarbeitern und anderen Beteiligten erm\u00f6glicht, Verst\u00f6\u00dfe gegen ethische Standards oder gesetzliche Vorgaben anonym zu melden. Wir stellen sicher, dass die Identit\u00e4t der Whistleblower gesch\u00fctzt bleibt und die gemeldeten Informationen vertraulich behandelt werden.<\/p>\n<\/div>\n\n\n\n<div class=\"wp-block-group alignfull is-layout-constrained wp-container-core-group-is-layout-704e782a wp-block-group-is-layout-constrained\">\n<h4 class=\"wp-block-heading has-text-align-center has-text-color\" style=\"color:#51c7ff\"><strong>Was bieten wir:<\/strong><\/h4>\n\n\n\n<ul class=\"wp-block-list angebot-list\">\n<li style=\"font-style:normal;font-weight:400\">Hinweisgebersystem (Whistleblowing-Portal) mit Fallmanagement und anonymer R\u00fcckfragefunktion<\/li>\n\n\n\n<li style=\"font-style:normal;font-weight:400\">Ausgerichtet an aktuellen IT-Sicherheits-Standards (deutscher Hosting-Partner mit ISO 27001-Zertifikat, Berechtigungskonzept, g\u00e4ngige Verschl\u00fcsselungsmechanismen etc.)<\/li>\n\n\n\n<li style=\"font-style:normal;font-weight:400\">Unbegrenzte Benutzerzahl<\/li>\n\n\n\n<li style=\"font-style:normal;font-weight:400\">Mehrsprachigkeit<\/li>\n\n\n\n<li style=\"font-style:normal;font-weight:400\">anpassbar an Ihre Corporate Identity<\/li>\n\n\n\n<li style=\"font-style:normal;font-weight:400\">eigene F\u00e4lle k\u00f6nnen erstellt werden<\/li>\n<\/ul>\n\n\n\n<p class=\"has-text-align-center angebot has-text-color\" style=\"color:#51c7ff;font-size:22px\"><strong>Nutzung des Hinweisgebersystems als Software as a Service (SaaS) bereits ab 49 Euro monatlich!<\/strong><\/p>\n<\/div>\n\n\n\n<div class=\"paket-box\">\n        <div class=\"paket-content\">\n        <h3>Fragen Sie uns auch, nach unseren Rundum-Sorglos-Paketen bestehend aus:<\/h3>\n        <ul class=\"list\">\n            <li>Hinweisgebersystem<\/li>\n            <li>Betreuung durch erfahrenen Vertrauensanwalt\/Ombudsmann mit Schwerpunkten in Strafrecht, Datenschutz und Compliance\n                <br>\n                <a href=\"https:\/\/ra-modlinger.de\/\">\n                <i>(in Kooperation mit Rechtsanwaltskanzlei Dr. Modlinger und Kollegen)<\/i>\n            <\/a>\n            <\/li>\n            <li>Umfassende Datenschutzdokumentation <br>\n            <i>(Verzeichnis von Verarbeitungst\u00e4tigkeiten, Datenschutzfolgenabsch\u00e4tzung, Vertr\u00e4ge zur Auftragsverarbeitung etc.)<\/i>\n        <\/li>\n        <li>Online-Schulung f\u00fcr Ihre Mitarbeiter zum Umgang mit dem Whistleblowing-Portal und den rechtlichen Themen rund ums Whistleblowing <br>\n        <a href=\"https:\/\/digital-compliance-group.de\/12tower\/\">\n            <i>(in Kooperation mit 12Tower GmbH)<\/i>\n            <\/a>\n        <\/li>\n        <\/ul>\n    <\/div>\n    <\/div>\n\n\n\n<style type=\"text\/css\">\n\ndiv.paket-box {\n    background-color: #1a1a1a;\n    color: white;\n    padding: 30px;\n    line-height: 2rem;\nmargin-top: 50px;\nmax-width: 100%;\nmargin-bottom: 0!important;\nwidth: 90%!important;\n\n    \n}\n\n\n.is-layout-constrained{\nmax-width: none;\n}\n\n.paket-box h3{\n    font-size: 30px; \n    font-weight: bold;\n    text-align: center;\n\n\n}\n\n.paket-box a{\n    color: #33BE3B;\n    outline: none;\n\n}\n\n.list{\n    padding-left: 300px;\n}\n\n.paket-content{\n    border-width: 1px;\n    border-color: white;\n    border-style: double;\n    padding: 10px;\n}\n\n<\/style>\n\n\n\n<style type=\"text\/css\">\n@media only screen and (max-width: 600px){\n\ndiv.paket-box {\nmax-width: 80%;\n}\n\n.paket-content{\npadding: 0px;\nborder-width: 0!important;\nhyphens: auto;\n}\n\n.paket-box h3{\n    font-size: 25px!important; \n    font-weight: bold;\n    text-align: center;\n}\n\n.list{\npadding-left: 30px!important;\n}\n}\n<\/style>\n","protected":false},"excerpt":{"rendered":"<p>Das anonyme Hinweisgebersystem Made in Germany Wir unterst\u00fctzen Sie bei der Umsetzung der EU-Whistleblowingrichtlinie.Ihre Mitarbeiter k\u00f6nnen einfach, sicher und anonym etwaige Verst\u00f6\u00dfe gegen Gesetze oder Compliance-Policys melden. Ein weiteres wichtiges Anliegen f\u00fcr uns ist der Schutz von Whistleblowern, die sich f\u00fcr die Aufdeckung von Missst\u00e4nden einsetzen. Wir bieten einen vertraulichen und sicheren Whistleblowing-Service, der es [&hellip;]<\/p>\n","protected":false},"author":2,"featured_media":0,"parent":0,"menu_order":0,"comment_status":"closed","ping_status":"closed","template":"","meta":{"_acf_changed":false,"footnotes":""},"class_list":["post-1516","page","type-page","status-publish","hentry"],"acf":[],"yoast_head":"<!-- This site is optimized with the Yoast SEO plugin v27.5 - https:\/\/yoast.com\/product\/yoast-seo-wordpress\/ -->\n<title>12whistle - 12Tower Digital<\/title>\n<meta name=\"robots\" content=\"index, follow, max-snippet:-1, max-image-preview:large, max-video-preview:-1\" \/>\n<link rel=\"canonical\" href=\"https:\/\/digital-compliance-group.de\/12towerdigital\/12whistle\/\" \/>\n<meta property=\"og:locale\" content=\"de_DE\" \/>\n<meta property=\"og:type\" content=\"article\" \/>\n<meta property=\"og:title\" content=\"12whistle - 12Tower Digital\" \/>\n<meta property=\"og:description\" content=\"Das anonyme Hinweisgebersystem Made in Germany Wir unterst\u00fctzen Sie bei der Umsetzung der EU-Whistleblowingrichtlinie.Ihre Mitarbeiter k\u00f6nnen einfach, sicher und anonym etwaige Verst\u00f6\u00dfe gegen Gesetze oder Compliance-Policys melden. Ein weiteres wichtiges Anliegen f\u00fcr uns ist der Schutz von Whistleblowern, die sich f\u00fcr die Aufdeckung von Missst\u00e4nden einsetzen. Wir bieten einen vertraulichen und sicheren Whistleblowing-Service, der es [&hellip;]\" \/>\n<meta property=\"og:url\" content=\"https:\/\/digital-compliance-group.de\/12towerdigital\/12whistle\/\" \/>\n<meta property=\"og:site_name\" content=\"12Tower Digital\" \/>\n<meta property=\"article:modified_time\" content=\"2024-07-29T13:14:58+00:00\" \/>\n<meta property=\"og:image\" content=\"https:\/\/digital-compliance-group.de\/12towerdigital\/wp-content\/uploads\/sites\/4\/2023\/11\/whistle_green-712x1024.png\" \/>\n<meta name=\"twitter:card\" content=\"summary_large_image\" \/>\n<meta name=\"twitter:label1\" content=\"Gesch\u00e4tzte Lesezeit\" \/>\n\t<meta name=\"twitter:data1\" content=\"2\u00a0Minuten\" \/>\n<script type=\"application\/ld+json\" class=\"yoast-schema-graph\">{\"@context\":\"https:\\\/\\\/schema.org\",\"@graph\":[{\"@type\":\"WebPage\",\"@id\":\"https:\\\/\\\/digital-compliance-group.de\\\/12towerdigital\\\/12whistle\\\/\",\"url\":\"https:\\\/\\\/digital-compliance-group.de\\\/12towerdigital\\\/12whistle\\\/\",\"name\":\"12whistle - 12Tower Digital\",\"isPartOf\":{\"@id\":\"https:\\\/\\\/digital-compliance-group.de\\\/12towerdigital\\\/#website\"},\"primaryImageOfPage\":{\"@id\":\"https:\\\/\\\/digital-compliance-group.de\\\/12towerdigital\\\/12whistle\\\/#primaryimage\"},\"image\":{\"@id\":\"https:\\\/\\\/digital-compliance-group.de\\\/12towerdigital\\\/12whistle\\\/#primaryimage\"},\"thumbnailUrl\":\"https:\\\/\\\/digital-compliance-group.de\\\/12towerdigital\\\/wp-content\\\/uploads\\\/sites\\\/4\\\/2023\\\/11\\\/whistle_green-712x1024.png\",\"datePublished\":\"2023-11-13T07:56:04+00:00\",\"dateModified\":\"2024-07-29T13:14:58+00:00\",\"breadcrumb\":{\"@id\":\"https:\\\/\\\/digital-compliance-group.de\\\/12towerdigital\\\/12whistle\\\/#breadcrumb\"},\"inLanguage\":\"de\",\"potentialAction\":[{\"@type\":\"ReadAction\",\"target\":[\"https:\\\/\\\/digital-compliance-group.de\\\/12towerdigital\\\/12whistle\\\/\"]}]},{\"@type\":\"ImageObject\",\"inLanguage\":\"de\",\"@id\":\"https:\\\/\\\/digital-compliance-group.de\\\/12towerdigital\\\/12whistle\\\/#primaryimage\",\"url\":\"https:\\\/\\\/digital-compliance-group.de\\\/12towerdigital\\\/wp-content\\\/uploads\\\/sites\\\/4\\\/2023\\\/11\\\/whistle_green-e1745393197716.png\",\"contentUrl\":\"https:\\\/\\\/digital-compliance-group.de\\\/12towerdigital\\\/wp-content\\\/uploads\\\/sites\\\/4\\\/2023\\\/11\\\/whistle_green-e1745393197716.png\",\"width\":1080,\"height\":1553},{\"@type\":\"BreadcrumbList\",\"@id\":\"https:\\\/\\\/digital-compliance-group.de\\\/12towerdigital\\\/12whistle\\\/#breadcrumb\",\"itemListElement\":[{\"@type\":\"ListItem\",\"position\":1,\"name\":\"Startseite\",\"item\":\"https:\\\/\\\/digital-compliance-group.de\\\/12towerdigital\\\/\"},{\"@type\":\"ListItem\",\"position\":2,\"name\":\"12whistle\"}]},{\"@type\":\"WebSite\",\"@id\":\"https:\\\/\\\/digital-compliance-group.de\\\/12towerdigital\\\/#website\",\"url\":\"https:\\\/\\\/digital-compliance-group.de\\\/12towerdigital\\\/\",\"name\":\"12Tower Digital\",\"description\":\"Digital Compliance Group\",\"publisher\":{\"@id\":\"https:\\\/\\\/digital-compliance-group.de\\\/12towerdigital\\\/#organization\"},\"potentialAction\":[{\"@type\":\"SearchAction\",\"target\":{\"@type\":\"EntryPoint\",\"urlTemplate\":\"https:\\\/\\\/digital-compliance-group.de\\\/12towerdigital\\\/?s={search_term_string}\"},\"query-input\":{\"@type\":\"PropertyValueSpecification\",\"valueRequired\":true,\"valueName\":\"search_term_string\"}}],\"inLanguage\":\"de\"},{\"@type\":\"Organization\",\"@id\":\"https:\\\/\\\/digital-compliance-group.de\\\/12towerdigital\\\/#organization\",\"name\":\"12Tower Digital\",\"url\":\"https:\\\/\\\/digital-compliance-group.de\\\/12towerdigital\\\/\",\"logo\":{\"@type\":\"ImageObject\",\"inLanguage\":\"de\",\"@id\":\"https:\\\/\\\/digital-compliance-group.de\\\/12towerdigital\\\/#\\\/schema\\\/logo\\\/image\\\/\",\"url\":\"https:\\\/\\\/digital-compliance-group.de\\\/12towerdigital\\\/wp-content\\\/uploads\\\/sites\\\/4\\\/2024\\\/08\\\/cropped-12TG_cropped.png\",\"contentUrl\":\"https:\\\/\\\/digital-compliance-group.de\\\/12towerdigital\\\/wp-content\\\/uploads\\\/sites\\\/4\\\/2024\\\/08\\\/cropped-12TG_cropped.png\",\"width\":512,\"height\":512,\"caption\":\"12Tower Digital\"},\"image\":{\"@id\":\"https:\\\/\\\/digital-compliance-group.de\\\/12towerdigital\\\/#\\\/schema\\\/logo\\\/image\\\/\"}}]}<\/script>\n<!-- \/ Yoast SEO plugin. -->","yoast_head_json":{"title":"12whistle - 12Tower Digital","robots":{"index":"index","follow":"follow","max-snippet":"max-snippet:-1","max-image-preview":"max-image-preview:large","max-video-preview":"max-video-preview:-1"},"canonical":"https:\/\/digital-compliance-group.de\/12towerdigital\/12whistle\/","og_locale":"de_DE","og_type":"article","og_title":"12whistle - 12Tower Digital","og_description":"Das anonyme Hinweisgebersystem Made in Germany Wir unterst\u00fctzen Sie bei der Umsetzung der EU-Whistleblowingrichtlinie.Ihre Mitarbeiter k\u00f6nnen einfach, sicher und anonym etwaige Verst\u00f6\u00dfe gegen Gesetze oder Compliance-Policys melden. Ein weiteres wichtiges Anliegen f\u00fcr uns ist der Schutz von Whistleblowern, die sich f\u00fcr die Aufdeckung von Missst\u00e4nden einsetzen. Wir bieten einen vertraulichen und sicheren Whistleblowing-Service, der es [&hellip;]","og_url":"https:\/\/digital-compliance-group.de\/12towerdigital\/12whistle\/","og_site_name":"12Tower Digital","article_modified_time":"2024-07-29T13:14:58+00:00","og_image":[{"url":"https:\/\/digital-compliance-group.de\/12towerdigital\/wp-content\/uploads\/sites\/4\/2023\/11\/whistle_green-712x1024.png","type":"","width":"","height":""}],"twitter_card":"summary_large_image","twitter_misc":{"Gesch\u00e4tzte Lesezeit":"2\u00a0Minuten"},"schema":{"@context":"https:\/\/schema.org","@graph":[{"@type":"WebPage","@id":"https:\/\/digital-compliance-group.de\/12towerdigital\/12whistle\/","url":"https:\/\/digital-compliance-group.de\/12towerdigital\/12whistle\/","name":"12whistle - 12Tower Digital","isPartOf":{"@id":"https:\/\/digital-compliance-group.de\/12towerdigital\/#website"},"primaryImageOfPage":{"@id":"https:\/\/digital-compliance-group.de\/12towerdigital\/12whistle\/#primaryimage"},"image":{"@id":"https:\/\/digital-compliance-group.de\/12towerdigital\/12whistle\/#primaryimage"},"thumbnailUrl":"https:\/\/digital-compliance-group.de\/12towerdigital\/wp-content\/uploads\/sites\/4\/2023\/11\/whistle_green-712x1024.png","datePublished":"2023-11-13T07:56:04+00:00","dateModified":"2024-07-29T13:14:58+00:00","breadcrumb":{"@id":"https:\/\/digital-compliance-group.de\/12towerdigital\/12whistle\/#breadcrumb"},"inLanguage":"de","potentialAction":[{"@type":"ReadAction","target":["https:\/\/digital-compliance-group.de\/12towerdigital\/12whistle\/"]}]},{"@type":"ImageObject","inLanguage":"de","@id":"https:\/\/digital-compliance-group.de\/12towerdigital\/12whistle\/#primaryimage","url":"https:\/\/digital-compliance-group.de\/12towerdigital\/wp-content\/uploads\/sites\/4\/2023\/11\/whistle_green-e1745393197716.png","contentUrl":"https:\/\/digital-compliance-group.de\/12towerdigital\/wp-content\/uploads\/sites\/4\/2023\/11\/whistle_green-e1745393197716.png","width":1080,"height":1553},{"@type":"BreadcrumbList","@id":"https:\/\/digital-compliance-group.de\/12towerdigital\/12whistle\/#breadcrumb","itemListElement":[{"@type":"ListItem","position":1,"name":"Startseite","item":"https:\/\/digital-compliance-group.de\/12towerdigital\/"},{"@type":"ListItem","position":2,"name":"12whistle"}]},{"@type":"WebSite","@id":"https:\/\/digital-compliance-group.de\/12towerdigital\/#website","url":"https:\/\/digital-compliance-group.de\/12towerdigital\/","name":"12Tower Digital","description":"Digital Compliance Group","publisher":{"@id":"https:\/\/digital-compliance-group.de\/12towerdigital\/#organization"},"potentialAction":[{"@type":"SearchAction","target":{"@type":"EntryPoint","urlTemplate":"https:\/\/digital-compliance-group.de\/12towerdigital\/?s={search_term_string}"},"query-input":{"@type":"PropertyValueSpecification","valueRequired":true,"valueName":"search_term_string"}}],"inLanguage":"de"},{"@type":"Organization","@id":"https:\/\/digital-compliance-group.de\/12towerdigital\/#organization","name":"12Tower Digital","url":"https:\/\/digital-compliance-group.de\/12towerdigital\/","logo":{"@type":"ImageObject","inLanguage":"de","@id":"https:\/\/digital-compliance-group.de\/12towerdigital\/#\/schema\/logo\/image\/","url":"https:\/\/digital-compliance-group.de\/12towerdigital\/wp-content\/uploads\/sites\/4\/2024\/08\/cropped-12TG_cropped.png","contentUrl":"https:\/\/digital-compliance-group.de\/12towerdigital\/wp-content\/uploads\/sites\/4\/2024\/08\/cropped-12TG_cropped.png","width":512,"height":512,"caption":"12Tower Digital"},"image":{"@id":"https:\/\/digital-compliance-group.de\/12towerdigital\/#\/schema\/logo\/image\/"}}]}},"_links":{"self":[{"href":"https:\/\/digital-compliance-group.de\/12towerdigital\/wp-json\/wp\/v2\/pages\/1516","targetHints":{"allow":["GET"]}}],"collection":[{"href":"https:\/\/digital-compliance-group.de\/12towerdigital\/wp-json\/wp\/v2\/pages"}],"about":[{"href":"https:\/\/digital-compliance-group.de\/12towerdigital\/wp-json\/wp\/v2\/types\/page"}],"author":[{"embeddable":true,"href":"https:\/\/digital-compliance-group.de\/12towerdigital\/wp-json\/wp\/v2\/users\/2"}],"replies":[{"embeddable":true,"href":"https:\/\/digital-compliance-group.de\/12towerdigital\/wp-json\/wp\/v2\/comments?post=1516"}],"version-history":[{"count":78,"href":"https:\/\/digital-compliance-group.de\/12towerdigital\/wp-json\/wp\/v2\/pages\/1516\/revisions"}],"predecessor-version":[{"id":1811,"href":"https:\/\/digital-compliance-group.de\/12towerdigital\/wp-json\/wp\/v2\/pages\/1516\/revisions\/1811"}],"wp:attachment":[{"href":"https:\/\/digital-compliance-group.de\/12towerdigital\/wp-json\/wp\/v2\/media?parent=1516"}],"curies":[{"name":"wp","href":"https:\/\/api.w.org\/{rel}","templated":true}]}}