{"id":500,"date":"2023-07-10T15:00:55","date_gmt":"2023-07-10T13:00:55","guid":{"rendered":"https:\/\/digital-compliance-group.de\/12tower\/?page_id=500"},"modified":"2024-08-02T13:27:47","modified_gmt":"2024-08-02T11:27:47","slug":"datenschutz","status":"publish","type":"page","link":"https:\/\/digital-compliance-group.de\/12tower\/datenschutz\/","title":{"rendered":"Datenschutz"},"content":{"rendered":"\n<style type=\"text\/css\">\n.wp-block-post-title{\ndisplay: none;\n}\n.wp-element-caption{\nwidth: 250px;\n}\n\nh2{\npadding-top: 50px;\npadding-bottom: 50px;\n}\n\n.pdf-group{\ndisplay: flex;\nmax-width: 100%;\nmargin: 0 auto!important;\ngap: 4rem;\njustify-content: space-evenly;\n}\n\n.pdf-group a{\noutline: none!important;\ntext-decoration: none!important;\ncolor: white!important;\n}\n\nh4{\npadding-bottom: 50px;\n}\n\n.dse-title-blue{\npadding-bottom: 30px;\nmargin-top: 50px;\n}\n\np{\nwidth: 80%; \nline-height: 2rem;\nmargin: 0 auto!important;\npadding-left: 50px;\npadding-right: 50px;\ncolor: #ffffff;\n}\n\n.ds-p2{\npadding-top: 40px;\n}\n\nbody{--wp--style--global--content-size: 100%;\n}\n<\/style>\n\n\n\n<style type=\"text\/css\">\n@media only screen and (max-width: 600px){\nh2{\nfont-size: 35px!important;\n}\n\n.pdf-group {\npadding-left: 0!important;\npadding-right: 0!important;\nmargin: 0 auto!important;\n}\n\n.ds-text, .ds-p2{\npadding-left: 0!important;\npadding-right: 0!important;\nwidth: 90%!important;\ntext-align: justify;\nhyphens: auto;\n}\n}\n\n@media only screen and (min-width: 782px) and (max-width: 1200px){\n\n.pdf-group{\njustify-content: space-between!important;\nflex-wrap: wrap!important;\nmargin: 0 auto!important;\npadding: 0!important;\nwidth: 100%;\n}\n\n.pdf-internet, .pdf_kunden, .pdf-betroffene, .pdf-whistle{\nmax-width: 150px!important;\nfont-size: 12px;\nflex-shrink: 2!important;\nmargin: 0 auto!important;\n\n}\n\n.wp-element-caption{\nwidth: 150px!important;\n}\n}\n\n<\/style>\n\n\n\n<h2 class=\"wp-block-heading has-text-align-center has-text-color\" style=\"color:#95c623\">Datenschutzerkl\u00e4rung<\/h2>\n\n\n\n<h4 class=\"wp-block-heading has-text-align-center has-custom-12-tg-hellblau-color has-text-color\" style=\"font-size:clamp(20.515px, 1.282rem + ((1vw - 3.2px) * 1.419), 33px);font-style:normal;font-weight:900;line-height:1.5\">Informationen zum&nbsp;Datenschutz&nbsp;<br>gem. Artt. 13, 14 und 21 DSGVO<\/h4>\n\n\n\n<div class=\"wp-block-columns alignfull are-vertically-aligned-top pdf-group is-layout-flex wp-container-core-columns-is-layout-7466b548 wp-block-columns-is-layout-flex\" style=\"padding-top:var(--wp--preset--spacing--30);padding-right:var(--wp--preset--spacing--30);padding-bottom:var(--wp--preset--spacing--30);padding-left:var(--wp--preset--spacing--30)\">\n<div class=\"wp-block-column is-vertically-aligned-top has-white-color has-text-color has-background has-medium-font-size has-global-padding is-layout-constrained wp-container-core-column-is-layout-465a2fef wp-block-column-is-layout-constrained\" style=\"background-color:#00000000;padding-top:0;padding-right:0;padding-bottom:0;padding-left:0\">\n<figure class=\"wp-block-image aligncenter size-full is-resized pdf-internet\"><img decoding=\"async\" width=\"512\" height=\"512\" data-src=\"https:\/\/digital-compliance-group.de\/12tower\/wp-content\/uploads\/sites\/6\/2023\/07\/pdf_icon.webp\" alt=\"\" class=\"wp-image-504 lazyload\" style=\"--smush-placeholder-width: 512px; --smush-placeholder-aspect-ratio: 512\/512;width:100px\" data-srcset=\"https:\/\/digital-compliance-group.de\/12tower\/wp-content\/uploads\/sites\/6\/2023\/07\/pdf_icon.webp 512w, https:\/\/digital-compliance-group.de\/12tower\/wp-content\/uploads\/sites\/6\/2023\/07\/pdf_icon-300x300.webp 300w, https:\/\/digital-compliance-group.de\/12tower\/wp-content\/uploads\/sites\/6\/2023\/07\/pdf_icon-150x150.webp 150w\" data-sizes=\"(max-width: 512px) 100vw, 512px\" src=\"data:image\/gif;base64,R0lGODlhAQABAAAAACH5BAEKAAEALAAAAAABAAEAAAICTAEAOw==\" \/><figcaption class=\"wp-element-caption\"><strong><a href=\"http:\/\/twelvetower.com\/data\/documents\/Infoblatt-Internetnutzer.pdf\" target=\"_blank\" rel=\"noreferrer noopener\">Infoblatt f\u00fcr Homepagebesucher und Sozialmedianutzer<\/a><\/strong><\/figcaption><\/figure>\n<\/div>\n\n\n\n<div class=\"wp-block-column is-vertically-aligned-top has-white-color has-text-color is-layout-flow wp-block-column-is-layout-flow\">\n<figure class=\"wp-block-image aligncenter size-full is-resized pdf_kunden\"><img decoding=\"async\" width=\"512\" height=\"512\" data-src=\"https:\/\/digital-compliance-group.de\/12tower\/wp-content\/uploads\/sites\/6\/2023\/07\/pdf_icon.webp\" alt=\"\" class=\"wp-image-504 lazyload\" style=\"--smush-placeholder-width: 512px; --smush-placeholder-aspect-ratio: 512\/512;width:100px\" data-srcset=\"https:\/\/digital-compliance-group.de\/12tower\/wp-content\/uploads\/sites\/6\/2023\/07\/pdf_icon.webp 512w, https:\/\/digital-compliance-group.de\/12tower\/wp-content\/uploads\/sites\/6\/2023\/07\/pdf_icon-300x300.webp 300w, https:\/\/digital-compliance-group.de\/12tower\/wp-content\/uploads\/sites\/6\/2023\/07\/pdf_icon-150x150.webp 150w\" data-sizes=\"(max-width: 512px) 100vw, 512px\" src=\"data:image\/gif;base64,R0lGODlhAQABAAAAACH5BAEKAAEALAAAAAABAAEAAAICTAEAOw==\" \/><figcaption class=\"wp-element-caption\"><strong><a href=\"http:\/\/twelvetower.com\/data\/documents\/Infoblatt-Kunden-und-sonstige-Betroffene.pdf\" target=\"_blank\" rel=\"noreferrer noopener\">Infoblatt f\u00fcr Gesch\u00e4ftspartner, Kunden und Interessenten<\/a><\/strong><\/figcaption><\/figure>\n<\/div>\n\n\n\n<div class=\"wp-block-column is-vertically-aligned-top has-white-color has-text-color is-layout-flow wp-block-column-is-layout-flow\">\n<figure class=\"wp-block-image aligncenter size-full is-resized pdf-betroffene\"><img decoding=\"async\" width=\"512\" height=\"512\" data-src=\"https:\/\/digital-compliance-group.de\/12tower\/wp-content\/uploads\/sites\/6\/2023\/07\/pdf_icon.webp\" alt=\"\" class=\"wp-image-504 lazyload\" style=\"--smush-placeholder-width: 512px; --smush-placeholder-aspect-ratio: 512\/512;width:100px\" data-srcset=\"https:\/\/digital-compliance-group.de\/12tower\/wp-content\/uploads\/sites\/6\/2023\/07\/pdf_icon.webp 512w, https:\/\/digital-compliance-group.de\/12tower\/wp-content\/uploads\/sites\/6\/2023\/07\/pdf_icon-300x300.webp 300w, https:\/\/digital-compliance-group.de\/12tower\/wp-content\/uploads\/sites\/6\/2023\/07\/pdf_icon-150x150.webp 150w\" data-sizes=\"(max-width: 512px) 100vw, 512px\" src=\"data:image\/gif;base64,R0lGODlhAQABAAAAACH5BAEKAAEALAAAAAABAAEAAAICTAEAOw==\" \/><figcaption class=\"wp-element-caption\"><strong><a href=\"http:\/\/twelvetower.com\/data\/documents\/Infoblatt-sonstige-Betroffene-ohne-vertragliche-Beziehung.pdf\">Infoblatt f\u00fcr sonstige Betroffene ohne vertragliche Beziehung<\/a><\/strong><\/figcaption><\/figure>\n<\/div>\n\n\n\n<div class=\"wp-block-column is-vertically-aligned-top has-white-color has-text-color is-layout-flow wp-block-column-is-layout-flow\" style=\"padding-top:0;padding-right:0;padding-bottom:0;padding-left:0\">\n<figure class=\"wp-block-image aligncenter size-full is-resized pdf-whistle\"><img decoding=\"async\" width=\"512\" height=\"512\" data-src=\"https:\/\/digital-compliance-group.de\/12tower\/wp-content\/uploads\/sites\/6\/2023\/07\/pdf_icon.webp\" alt=\"\" class=\"wp-image-504 lazyload\" style=\"--smush-placeholder-width: 512px; --smush-placeholder-aspect-ratio: 512\/512;width:100px\" data-srcset=\"https:\/\/digital-compliance-group.de\/12tower\/wp-content\/uploads\/sites\/6\/2023\/07\/pdf_icon.webp 512w, https:\/\/digital-compliance-group.de\/12tower\/wp-content\/uploads\/sites\/6\/2023\/07\/pdf_icon-300x300.webp 300w, https:\/\/digital-compliance-group.de\/12tower\/wp-content\/uploads\/sites\/6\/2023\/07\/pdf_icon-150x150.webp 150w\" data-sizes=\"(max-width: 512px) 100vw, 512px\" src=\"data:image\/gif;base64,R0lGODlhAQABAAAAACH5BAEKAAEALAAAAAABAAEAAAICTAEAOw==\" \/><figcaption class=\"wp-element-caption\"><strong><a href=\"http:\/\/twelvetower.com\/data\/documents\/Informationsblatt-Whistleblowing-12TD.pdf\" target=\"_blank\" rel=\"noreferrer noopener\">Infoblatt f\u00fcr Nutzer des Whistleblowing-Portals &#8211; 12whistle<\/a><\/strong><\/figcaption><\/figure>\n<\/div>\n<\/div>\n\n\n\n<h4 class=\"wp-block-heading has-text-align-center dse-title-blue has-custom-12-tg-hellblau-color has-text-color\" style=\"font-size:clamp(20.515px, 1.282rem + ((1vw - 3.2px) * 1.419), 33px);\">Datenschutzerkl\u00e4rung<\/h4>\n\n\n\n<p class=\"ds-text has-raleway-font-family\" style=\"font-style:normal;font-weight:400;line-height:1.8\">Die Nutzung unserer Webseite ist in der Regel ohne Angabe personenbezogener Daten m\u00f6glich. Soweit auf unseren Seiten personenbezogene Daten (beispielsweise Name, Anschrift oder E-Mail-Adressen) erhoben werden, erfolgt dies, soweit m\u00f6glich, stets auf freiwilliger Basis. Diese Daten werden ohne Ihre ausdr\u00fcckliche Zustimmung nicht an Dritte weitergegeben. Wir weisen darauf hin, dass die Daten\u00fcbertragung im Internet (z.B. bei der Kommunikation per E-Mail) Sicherheitsl\u00fccken aufweisen kann. Ein l\u00fcckenloser Schutz der Daten vor dem Zugriff durch Dritte ist nicht m\u00f6glich.<\/p>\n\n\n\n<p><\/p>\n\n\n\n<p><\/p>\n\n\n\n<p class=\"ds-p2 has-raleway-font-family\" style=\"margin-top:var(--wp--preset--spacing--50);font-style:normal;font-weight:400;line-height:1.8\">Der Nutzung von im Rahmen der Impressumspflicht ver\u00f6ffentlichten Kontaktdaten durch Dritte zur \u00dcbersendung von nicht ausdr\u00fccklich angeforderter Werbung und Informationsmaterialien wird hiermit ausdr\u00fccklich widersprochen. Die Betreiber der Seiten behalten sich ausdr\u00fccklich rechtliche Schritte im Falle der unverlangten Zusendung von Werbeinformationen, etwa durch Spam-Mails, vor.<\/p>\n","protected":false},"excerpt":{"rendered":"<p>Datenschutzerkl\u00e4rung Informationen zum&nbsp;Datenschutz&nbsp;gem. Artt. 13, 14 und 21 DSGVO Datenschutzerkl\u00e4rung Die Nutzung unserer Webseite ist in der Regel ohne Angabe personenbezogener Daten m\u00f6glich. Soweit auf unseren Seiten personenbezogene Daten (beispielsweise Name, Anschrift oder E-Mail-Adressen) erhoben werden, erfolgt dies, soweit m\u00f6glich, stets auf freiwilliger Basis. Diese Daten werden ohne Ihre ausdr\u00fcckliche Zustimmung nicht an Dritte weitergegeben. [&hellip;]<\/p>\n","protected":false},"author":2,"featured_media":0,"parent":0,"menu_order":0,"comment_status":"closed","ping_status":"closed","template":"","meta":{"_acf_changed":false,"footnotes":""},"class_list":["post-500","page","type-page","status-publish","hentry"],"acf":[],"yoast_head":"<!-- This site is optimized with the Yoast SEO plugin v27.4 - https:\/\/yoast.com\/product\/yoast-seo-wordpress\/ -->\n<title>Datenschutz - 12Tower<\/title>\n<meta name=\"robots\" content=\"index, follow, max-snippet:-1, max-image-preview:large, max-video-preview:-1\" \/>\n<link rel=\"canonical\" href=\"https:\/\/digital-compliance-group.de\/12tower\/datenschutz\/\" \/>\n<meta property=\"og:locale\" content=\"de_DE\" \/>\n<meta property=\"og:type\" content=\"article\" \/>\n<meta property=\"og:title\" content=\"Datenschutz - 12Tower\" \/>\n<meta property=\"og:description\" content=\"Datenschutzerkl\u00e4rung Informationen zum&nbsp;Datenschutz&nbsp;gem. Artt. 13, 14 und 21 DSGVO Datenschutzerkl\u00e4rung Die Nutzung unserer Webseite ist in der Regel ohne Angabe personenbezogener Daten m\u00f6glich. Soweit auf unseren Seiten personenbezogene Daten (beispielsweise Name, Anschrift oder E-Mail-Adressen) erhoben werden, erfolgt dies, soweit m\u00f6glich, stets auf freiwilliger Basis. Diese Daten werden ohne Ihre ausdr\u00fcckliche Zustimmung nicht an Dritte weitergegeben. [&hellip;]\" \/>\n<meta property=\"og:url\" content=\"https:\/\/digital-compliance-group.de\/12tower\/datenschutz\/\" \/>\n<meta property=\"og:site_name\" content=\"12Tower\" \/>\n<meta property=\"article:modified_time\" content=\"2024-08-02T11:27:47+00:00\" \/>\n<meta property=\"og:image\" content=\"https:\/\/digital-compliance-group.de\/12tower\/wp-content\/uploads\/sites\/6\/2023\/07\/pdf_icon.webp\" \/>\n<meta name=\"twitter:card\" content=\"summary_large_image\" \/>\n<meta name=\"twitter:label1\" content=\"Gesch\u00e4tzte Lesezeit\" \/>\n\t<meta name=\"twitter:data1\" content=\"2\u00a0Minuten\" \/>\n<script type=\"application\/ld+json\" class=\"yoast-schema-graph\">{\"@context\":\"https:\\\/\\\/schema.org\",\"@graph\":[{\"@type\":\"WebPage\",\"@id\":\"https:\\\/\\\/digital-compliance-group.de\\\/12tower\\\/datenschutz\\\/\",\"url\":\"https:\\\/\\\/digital-compliance-group.de\\\/12tower\\\/datenschutz\\\/\",\"name\":\"Datenschutz - 12Tower\",\"isPartOf\":{\"@id\":\"https:\\\/\\\/digital-compliance-group.de\\\/12tower\\\/#website\"},\"primaryImageOfPage\":{\"@id\":\"https:\\\/\\\/digital-compliance-group.de\\\/12tower\\\/datenschutz\\\/#primaryimage\"},\"image\":{\"@id\":\"https:\\\/\\\/digital-compliance-group.de\\\/12tower\\\/datenschutz\\\/#primaryimage\"},\"thumbnailUrl\":\"https:\\\/\\\/digital-compliance-group.de\\\/12tower\\\/wp-content\\\/uploads\\\/sites\\\/6\\\/2023\\\/07\\\/pdf_icon.webp\",\"datePublished\":\"2023-07-10T13:00:55+00:00\",\"dateModified\":\"2024-08-02T11:27:47+00:00\",\"breadcrumb\":{\"@id\":\"https:\\\/\\\/digital-compliance-group.de\\\/12tower\\\/datenschutz\\\/#breadcrumb\"},\"inLanguage\":\"de\",\"potentialAction\":[{\"@type\":\"ReadAction\",\"target\":[\"https:\\\/\\\/digital-compliance-group.de\\\/12tower\\\/datenschutz\\\/\"]}]},{\"@type\":\"ImageObject\",\"inLanguage\":\"de\",\"@id\":\"https:\\\/\\\/digital-compliance-group.de\\\/12tower\\\/datenschutz\\\/#primaryimage\",\"url\":\"https:\\\/\\\/digital-compliance-group.de\\\/12tower\\\/wp-content\\\/uploads\\\/sites\\\/6\\\/2023\\\/07\\\/pdf_icon.webp\",\"contentUrl\":\"https:\\\/\\\/digital-compliance-group.de\\\/12tower\\\/wp-content\\\/uploads\\\/sites\\\/6\\\/2023\\\/07\\\/pdf_icon.webp\"},{\"@type\":\"BreadcrumbList\",\"@id\":\"https:\\\/\\\/digital-compliance-group.de\\\/12tower\\\/datenschutz\\\/#breadcrumb\",\"itemListElement\":[{\"@type\":\"ListItem\",\"position\":1,\"name\":\"Home\",\"item\":\"https:\\\/\\\/digital-compliance-group.de\\\/12tower\\\/\"},{\"@type\":\"ListItem\",\"position\":2,\"name\":\"Datenschutz\"}]},{\"@type\":\"WebSite\",\"@id\":\"https:\\\/\\\/digital-compliance-group.de\\\/12tower\\\/#website\",\"url\":\"https:\\\/\\\/digital-compliance-group.de\\\/12tower\\\/\",\"name\":\"12Tower\",\"description\":\"Digital Compliance Group\",\"publisher\":{\"@id\":\"https:\\\/\\\/digital-compliance-group.de\\\/12tower\\\/#organization\"},\"potentialAction\":[{\"@type\":\"SearchAction\",\"target\":{\"@type\":\"EntryPoint\",\"urlTemplate\":\"https:\\\/\\\/digital-compliance-group.de\\\/12tower\\\/?s={search_term_string}\"},\"query-input\":{\"@type\":\"PropertyValueSpecification\",\"valueRequired\":true,\"valueName\":\"search_term_string\"}}],\"inLanguage\":\"de\"},{\"@type\":\"Organization\",\"@id\":\"https:\\\/\\\/digital-compliance-group.de\\\/12tower\\\/#organization\",\"name\":\"12Tower\",\"url\":\"https:\\\/\\\/digital-compliance-group.de\\\/12tower\\\/\",\"logo\":{\"@type\":\"ImageObject\",\"inLanguage\":\"de\",\"@id\":\"https:\\\/\\\/digital-compliance-group.de\\\/12tower\\\/#\\\/schema\\\/logo\\\/image\\\/\",\"url\":\"https:\\\/\\\/digital-compliance-group.de\\\/12tower\\\/wp-content\\\/uploads\\\/sites\\\/6\\\/2024\\\/08\\\/12TG_cropped.png\",\"contentUrl\":\"https:\\\/\\\/digital-compliance-group.de\\\/12tower\\\/wp-content\\\/uploads\\\/sites\\\/6\\\/2024\\\/08\\\/12TG_cropped.png\",\"width\":242,\"height\":242,\"caption\":\"12Tower \"},\"image\":{\"@id\":\"https:\\\/\\\/digital-compliance-group.de\\\/12tower\\\/#\\\/schema\\\/logo\\\/image\\\/\"}}]}<\/script>\n<!-- \/ Yoast SEO plugin. -->","yoast_head_json":{"title":"Datenschutz - 12Tower","robots":{"index":"index","follow":"follow","max-snippet":"max-snippet:-1","max-image-preview":"max-image-preview:large","max-video-preview":"max-video-preview:-1"},"canonical":"https:\/\/digital-compliance-group.de\/12tower\/datenschutz\/","og_locale":"de_DE","og_type":"article","og_title":"Datenschutz - 12Tower","og_description":"Datenschutzerkl\u00e4rung Informationen zum&nbsp;Datenschutz&nbsp;gem. Artt. 13, 14 und 21 DSGVO Datenschutzerkl\u00e4rung Die Nutzung unserer Webseite ist in der Regel ohne Angabe personenbezogener Daten m\u00f6glich. Soweit auf unseren Seiten personenbezogene Daten (beispielsweise Name, Anschrift oder E-Mail-Adressen) erhoben werden, erfolgt dies, soweit m\u00f6glich, stets auf freiwilliger Basis. Diese Daten werden ohne Ihre ausdr\u00fcckliche Zustimmung nicht an Dritte weitergegeben. [&hellip;]","og_url":"https:\/\/digital-compliance-group.de\/12tower\/datenschutz\/","og_site_name":"12Tower","article_modified_time":"2024-08-02T11:27:47+00:00","og_image":[{"url":"https:\/\/digital-compliance-group.de\/12tower\/wp-content\/uploads\/sites\/6\/2023\/07\/pdf_icon.webp","type":"","width":"","height":""}],"twitter_card":"summary_large_image","twitter_misc":{"Gesch\u00e4tzte Lesezeit":"2\u00a0Minuten"},"schema":{"@context":"https:\/\/schema.org","@graph":[{"@type":"WebPage","@id":"https:\/\/digital-compliance-group.de\/12tower\/datenschutz\/","url":"https:\/\/digital-compliance-group.de\/12tower\/datenschutz\/","name":"Datenschutz - 12Tower","isPartOf":{"@id":"https:\/\/digital-compliance-group.de\/12tower\/#website"},"primaryImageOfPage":{"@id":"https:\/\/digital-compliance-group.de\/12tower\/datenschutz\/#primaryimage"},"image":{"@id":"https:\/\/digital-compliance-group.de\/12tower\/datenschutz\/#primaryimage"},"thumbnailUrl":"https:\/\/digital-compliance-group.de\/12tower\/wp-content\/uploads\/sites\/6\/2023\/07\/pdf_icon.webp","datePublished":"2023-07-10T13:00:55+00:00","dateModified":"2024-08-02T11:27:47+00:00","breadcrumb":{"@id":"https:\/\/digital-compliance-group.de\/12tower\/datenschutz\/#breadcrumb"},"inLanguage":"de","potentialAction":[{"@type":"ReadAction","target":["https:\/\/digital-compliance-group.de\/12tower\/datenschutz\/"]}]},{"@type":"ImageObject","inLanguage":"de","@id":"https:\/\/digital-compliance-group.de\/12tower\/datenschutz\/#primaryimage","url":"https:\/\/digital-compliance-group.de\/12tower\/wp-content\/uploads\/sites\/6\/2023\/07\/pdf_icon.webp","contentUrl":"https:\/\/digital-compliance-group.de\/12tower\/wp-content\/uploads\/sites\/6\/2023\/07\/pdf_icon.webp"},{"@type":"BreadcrumbList","@id":"https:\/\/digital-compliance-group.de\/12tower\/datenschutz\/#breadcrumb","itemListElement":[{"@type":"ListItem","position":1,"name":"Home","item":"https:\/\/digital-compliance-group.de\/12tower\/"},{"@type":"ListItem","position":2,"name":"Datenschutz"}]},{"@type":"WebSite","@id":"https:\/\/digital-compliance-group.de\/12tower\/#website","url":"https:\/\/digital-compliance-group.de\/12tower\/","name":"12Tower","description":"Digital Compliance Group","publisher":{"@id":"https:\/\/digital-compliance-group.de\/12tower\/#organization"},"potentialAction":[{"@type":"SearchAction","target":{"@type":"EntryPoint","urlTemplate":"https:\/\/digital-compliance-group.de\/12tower\/?s={search_term_string}"},"query-input":{"@type":"PropertyValueSpecification","valueRequired":true,"valueName":"search_term_string"}}],"inLanguage":"de"},{"@type":"Organization","@id":"https:\/\/digital-compliance-group.de\/12tower\/#organization","name":"12Tower","url":"https:\/\/digital-compliance-group.de\/12tower\/","logo":{"@type":"ImageObject","inLanguage":"de","@id":"https:\/\/digital-compliance-group.de\/12tower\/#\/schema\/logo\/image\/","url":"https:\/\/digital-compliance-group.de\/12tower\/wp-content\/uploads\/sites\/6\/2024\/08\/12TG_cropped.png","contentUrl":"https:\/\/digital-compliance-group.de\/12tower\/wp-content\/uploads\/sites\/6\/2024\/08\/12TG_cropped.png","width":242,"height":242,"caption":"12Tower "},"image":{"@id":"https:\/\/digital-compliance-group.de\/12tower\/#\/schema\/logo\/image\/"}}]}},"_links":{"self":[{"href":"https:\/\/digital-compliance-group.de\/12tower\/wp-json\/wp\/v2\/pages\/500","targetHints":{"allow":["GET"]}}],"collection":[{"href":"https:\/\/digital-compliance-group.de\/12tower\/wp-json\/wp\/v2\/pages"}],"about":[{"href":"https:\/\/digital-compliance-group.de\/12tower\/wp-json\/wp\/v2\/types\/page"}],"author":[{"embeddable":true,"href":"https:\/\/digital-compliance-group.de\/12tower\/wp-json\/wp\/v2\/users\/2"}],"replies":[{"embeddable":true,"href":"https:\/\/digital-compliance-group.de\/12tower\/wp-json\/wp\/v2\/comments?post=500"}],"version-history":[{"count":79,"href":"https:\/\/digital-compliance-group.de\/12tower\/wp-json\/wp\/v2\/pages\/500\/revisions"}],"predecessor-version":[{"id":1887,"href":"https:\/\/digital-compliance-group.de\/12tower\/wp-json\/wp\/v2\/pages\/500\/revisions\/1887"}],"wp:attachment":[{"href":"https:\/\/digital-compliance-group.de\/12tower\/wp-json\/wp\/v2\/media?parent=500"}],"curies":[{"name":"wp","href":"https:\/\/api.w.org\/{rel}","templated":true}]}}