{"id":477,"date":"2023-07-10T14:28:20","date_gmt":"2023-07-10T12:28:20","guid":{"rendered":"https:\/\/digital-compliance-group.de\/12tower\/?page_id=477"},"modified":"2024-07-29T13:19:23","modified_gmt":"2024-07-29T11:19:23","slug":"impressum","status":"publish","type":"page","link":"https:\/\/digital-compliance-group.de\/12tower\/impressum\/","title":{"rendered":"Impressum"},"content":{"rendered":"\n<style type=\"text\/css\">\n.wp-block-post-title{\ndisplay: none;\n}\n\np{\ncolor: #ffffff;\n}\n\n.angaben a{\ncolor: #95C623!important;\ntext-decoration: none!important;\n}\n\n.haft-p a{\ncolor: #95C623!important;\ntext-decoration: none!important;\n}\n\na {\ncolor: #ffffff!important;\n}\n\nh2{\nmargin-top: 100px;\npadding-top: 50px;\n}\n\n.angaben-h4{\npadding-top: 50px;\npadding-bottom: 30px;\n}\n\n.haft-h4{\npadding-top: 50px;\npadding-bottom: 20px;\n}\n\nbody{--wp--style--global--content-size: 100%;\n}\n\nh5{\nwidth: 80%;\nmargin-bottom: 10px!important;\nmargin-top: 20px;\n}\n\n.angaben{\nwidth: 30%;\nmargin: 0 auto!important;\npadding-top: 30px;\nline-height: 2rem\n}\n\n.haft-p{\nwidth: 80%; \nline-height: 2rem;\nmargin: 0 auto!important;\npadding-left: 10px;\npadding-right: 10px;\n}\n\n\n<\/style>\n\n\n\n<style type=\"text\/css\">\n@media only screen and (max-width: 600px){\n\nh2{\nmargin-top: 50px;\npadding-top: 0!important;\n}\n\nh4{\nfont-size: 25px!important;\nmargin: 0 auto!important;\nfont-weight: 700;\n}\n\nh5{\nwidth: 100%;\nfont-size: 30px!important;\nmargin-top: 50px!important;\nmargin-bottom: 20px;\npadding-left: 5px!important;\n}\n\n.haft-p{\npadding-left: 5px!important;\npadding-right: 5px!important;\nwidth: 100%!important;\nfont-size: 14px;\nline-height: 1.8;\n}\n\n.angaben{\nwidth: 90%;\nmargin: 0 auto!important;\npadding-top: 10px;\nline-height: 2rem\n}\n}\n\n<\/style>\n\n\n\n<h2 class=\"wp-block-heading has-text-align-center has-text-color\" style=\"color:#95c623;margin-top:var(--wp--preset--spacing--50)\">Impressum<\/h2>\n\n\n\n<h4 class=\"wp-block-heading has-text-align-center angaben-h4 has-custom-12-tg-hellblau-color has-text-color has-raleway-font-family\" style=\"font-style:normal;font-weight:900\">ANGABEN GEM\u00c4SS \u00a75 TMG<\/h4>\n\n\n\n<p class=\"angaben\"><strong>12Tower GmbH<\/strong><\/p>\n\n\n\n<p class=\"angaben has-raleway-font-family\" style=\"font-style:normal;font-weight:400\">Mitterweg 36a<\/p>\n\n\n\n<p class=\"angaben has-raleway-font-family\" style=\"font-style:normal;font-weight:400\">83233 Bernau am Chiemsee<\/p>\n\n\n\n<p class=\"angaben\" style=\"font-style:normal;font-weight:400\"><strong>Umsatzsteuer-ID:<\/strong>&nbsp;DE316398718<\/p>\n\n\n\n<p class=\"angaben\" style=\"font-style:normal;font-weight:400\">Amtsgericht Traunstein \u2013 Registergericht, HRB 26708<\/p>\n\n\n\n<p class=\"angaben\" style=\"font-style:normal;font-weight:400\"><strong>Telefon:<\/strong>&nbsp;+49 (0)176 325 728 96<\/p>\n\n\n\n<p class=\"angaben\" style=\"font-style:normal;font-weight:100\"><strong>E-Mail:<\/strong>&nbsp;<a href=\"https:\/\/digital-compliance-group.de\/12tower\/kontakt\/\" target=\"_blank\" rel=\"noreferrer noopener\">info@12tower.de<\/a><\/p>\n\n\n\n<p class=\"angaben\" style=\"font-style:normal;font-weight:400\"><strong>Vertreten durch:<\/strong>&nbsp;Gesch\u00e4ftsf\u00fchrer Dr. Florian Modlinger<\/p>\n\n\n\n<p><\/p>\n\n\n\n<h4 class=\"wp-block-heading has-text-align-center haft-h4 has-custom-12-tg-hellblau-color has-text-color has-raleway-font-family\" style=\"font-style:normal;font-weight:900;line-height:1.8;text-transform:uppercase\">HAFTUNGSAUSSCHLUSS<\/h4>\n\n\n\n<h5 class=\"wp-block-heading has-text-color has-bebas-neue-font-family\" style=\"color:#95c623;font-size:clamp(21.536px, 1.346rem + ((1vw - 3.2px) * 1.53), 35px);letter-spacing:1px\">Haftung f\u00fcr inhalte<\/h5>\n\n\n\n<p class=\"haft-p\" style=\"font-style:normal;font-weight:400\">Die Inhalte unserer Seiten wurden mit gr\u00f6\u00dfter Sorgfalt erstellt. F\u00fcr die Richtigkeit, Vollst\u00e4ndigkeit und Aktualit\u00e4t der Inhalte k\u00f6nnen wir jedoch keine Gew\u00e4hr \u00fcbernehmen. Als Diensteanbieter sind wir gem\u00e4\u00df \u00a7 7 Abs.1 TMG f\u00fcr eigene Inhalte auf diesen Seiten nach den allgemeinen Gesetzen verantwortlich. Nach \u00a7\u00a7 8 bis 10 TMG sind wir als Diensteanbieter jedoch nicht verpflichtet, \u00fcbermittelte oder gespeicherte fremde Informationen zu \u00fcberwachen oder nach Umst\u00e4nden zu forschen, die auf eine rechtswidrige T\u00e4tigkeit hinweisen. Verpflichtungen zur Entfernung oder Sperrung der Nutzung von Informationen nach den allgemeinen Gesetzen bleiben hiervon unber\u00fchrt. Eine diesbez\u00fcgliche Haftung ist jedoch erst ab dem Zeitpunkt der Kenntnis einer konkreten Rechtsverletzung m\u00f6glich. Bei Bekanntwerden von entsprechenden Rechtsverletzungen werden wir diese Inhalte umgehend entfernen.<\/p>\n\n\n\n<p class=\"haft-p\" style=\"font-style:normal;font-weight:400\">Im Falle wettbewerbsrechtlicher oder \u00e4hnlicher Probleme bitte ich Sie, zur Vermeidung unn\u00f6tiger Rechtsstreite und unn\u00f6tiger Kosten, uns bereits im Vorfeld zu kontaktieren. Die Kostennote einer anwaltlichen Abmahnung, ohne vorhergehende Kontaktaufnahme mit dem Betreiber dieser Seite, wird im Sinne der Schadensminderungspflicht als unbegr\u00fcndet zur\u00fcckgewiesen.<\/p>\n\n\n\n<h5 class=\"wp-block-heading has-text-color has-bebas-neue-font-family\" style=\"color:#95c623;font-size:clamp(21.536px, 1.346rem + ((1vw - 3.2px) * 1.53), 35px);letter-spacing:1px\">haftung f\u00fcr links<\/h5>\n\n\n\n<p class=\"haft-p has-raleway-font-family\" style=\"font-style:normal;font-weight:400;line-height:1.8\">Unser Angebot enth\u00e4lt Links zu externen Webseiten Dritter, auf deren Inhalte wir keinen Einfluss haben. Deshalb k\u00f6nnen wir f\u00fcr diese fremden Inhalte auch keine Gew\u00e4hr \u00fcbernehmen. F\u00fcr die Inhalte der verlinkten Seiten ist stets der jeweilige Anbieter oder Betreiber der Seiten verantwortlich. Die verlinkten Seiten wurden zum Zeitpunkt der Verlinkung auf m\u00f6gliche Rechtsverst\u00f6\u00dfe \u00fcberpr\u00fcft. Rechtswidrige Inhalte waren zum Zeitpunkt der Verlinkung nicht erkennbar. Eine permanente inhaltliche Kontrolle der verlinkten Seiten ist jedoch ohne konkrete Anhaltspunkte einer Rechtsverletzung nicht zumutbar. Bei Bekanntwerden von Rechtsverletzungen werden wir derartige Links umgehend entfernen.<\/p>\n\n\n\n<h5 class=\"wp-block-heading has-text-color has-bebas-neue-font-family\" style=\"color:#95c623;font-size:clamp(21.536px, 1.346rem + ((1vw - 3.2px) * 1.53), 35px);letter-spacing:1px;line-height:1.8\">Urheberrecht<\/h5>\n\n\n\n<p class=\"haft-p has-raleway-font-family\" style=\"font-style:normal;font-weight:400;line-height:1.8\">Die durch die Seitenbetreiber erstellten Inhalte und Werke auf diesen Seiten unterliegen dem deutschen Urheberrecht. Die Vervielf\u00e4ltigung, Bearbeitung, Verbreitung und jede Art der Verwertung au\u00dferhalb der Grenzen des Urheberrechtes bed\u00fcrfen der schriftlichen Zustimmung des jeweiligen Autors bzw. Erstellers. Downloads und Kopien dieser Seite sind nur f\u00fcr den privaten, nicht kommerziellen Gebrauch gestattet. Soweit die Inhalte auf dieser Seite nicht vom Betreiber erstellt wurden, werden die Urheberrechte Dritter beachtet. Insbesondere werden Inhalte Dritter als solche gekennzeichnet. Sollten Sie trotzdem auf eine Urheberrechtsverletzung aufmerksam werden, bitten wir um einen entsprechenden Hinweis. Bei Bekanntwerden von Rechtsverletzungen werden wir derartige Inhalte umgehend entfernen.<\/p>\n\n\n\n<h5 class=\"wp-block-heading has-text-color has-bebas-neue-font-family\" style=\"color:#95c623;font-size:clamp(21.536px, 1.346rem + ((1vw - 3.2px) * 1.53), 35px);font-style:normal;font-weight:800;letter-spacing:1px\">Streitbeilegung<\/h5>\n\n\n\n<p class=\"haft-p has-raleway-font-family\" style=\"font-style:normal;font-weight:400;line-height:1.8\">Die EU-Kommission stellt eine Plattform zur Online-Streitbeilegung (OS-Plattform) bereit. Diese ist hier zu finden:<br><a href=\"https:\/\/ec.europa.eu\/consumers\/odr\/main\/index.cfm?event=main.home.chooseLanguage\" target=\"_blank\" rel=\"noreferrer noopener\">www.ec.europa.eu\/consumers\/odr<\/a>.<br>Wir sind zur Teilnahme an einem Streitbeilegungsverfahren vor einer Verbraucherschlichtungsstelle weder verpflichtet noch bereit.<\/p>\n","protected":false},"excerpt":{"rendered":"<p>Impressum ANGABEN GEM\u00c4SS \u00a75 TMG 12Tower GmbH Mitterweg 36a 83233 Bernau am Chiemsee Umsatzsteuer-ID:&nbsp;DE316398718 Amtsgericht Traunstein \u2013 Registergericht, HRB 26708 Telefon:&nbsp;+49 (0)176 325 728 96 E-Mail:&nbsp;info@12tower.de Vertreten durch:&nbsp;Gesch\u00e4ftsf\u00fchrer Dr. Florian Modlinger HAFTUNGSAUSSCHLUSS Haftung f\u00fcr inhalte Die Inhalte unserer Seiten wurden mit gr\u00f6\u00dfter Sorgfalt erstellt. F\u00fcr die Richtigkeit, Vollst\u00e4ndigkeit und Aktualit\u00e4t der Inhalte k\u00f6nnen wir jedoch [&hellip;]<\/p>\n","protected":false},"author":2,"featured_media":0,"parent":0,"menu_order":0,"comment_status":"closed","ping_status":"closed","template":"","meta":{"_acf_changed":false,"footnotes":""},"class_list":["post-477","page","type-page","status-publish","hentry"],"acf":[],"yoast_head":"<!-- This site is optimized with the Yoast SEO plugin v27.4 - https:\/\/yoast.com\/product\/yoast-seo-wordpress\/ -->\n<title>Impressum - 12Tower<\/title>\n<meta name=\"robots\" content=\"index, follow, max-snippet:-1, max-image-preview:large, max-video-preview:-1\" \/>\n<link rel=\"canonical\" href=\"https:\/\/digital-compliance-group.de\/12tower\/impressum\/\" \/>\n<meta property=\"og:locale\" content=\"de_DE\" \/>\n<meta property=\"og:type\" content=\"article\" \/>\n<meta property=\"og:title\" content=\"Impressum - 12Tower\" \/>\n<meta property=\"og:description\" content=\"Impressum ANGABEN GEM\u00c4SS \u00a75 TMG 12Tower GmbH Mitterweg 36a 83233 Bernau am Chiemsee Umsatzsteuer-ID:&nbsp;DE316398718 Amtsgericht Traunstein \u2013 Registergericht, HRB 26708 Telefon:&nbsp;+49 (0)176 325 728 96 E-Mail:&nbsp;info@12tower.de Vertreten durch:&nbsp;Gesch\u00e4ftsf\u00fchrer Dr. Florian Modlinger HAFTUNGSAUSSCHLUSS Haftung f\u00fcr inhalte Die Inhalte unserer Seiten wurden mit gr\u00f6\u00dfter Sorgfalt erstellt. F\u00fcr die Richtigkeit, Vollst\u00e4ndigkeit und Aktualit\u00e4t der Inhalte k\u00f6nnen wir jedoch [&hellip;]\" \/>\n<meta property=\"og:url\" content=\"https:\/\/digital-compliance-group.de\/12tower\/impressum\/\" \/>\n<meta property=\"og:site_name\" content=\"12Tower\" \/>\n<meta property=\"article:modified_time\" content=\"2024-07-29T11:19:23+00:00\" \/>\n<meta name=\"twitter:card\" content=\"summary_large_image\" \/>\n<meta name=\"twitter:label1\" content=\"Gesch\u00e4tzte Lesezeit\" \/>\n\t<meta name=\"twitter:data1\" content=\"3\u00a0Minuten\" \/>\n<script type=\"application\/ld+json\" class=\"yoast-schema-graph\">{\"@context\":\"https:\\\/\\\/schema.org\",\"@graph\":[{\"@type\":\"WebPage\",\"@id\":\"https:\\\/\\\/digital-compliance-group.de\\\/12tower\\\/impressum\\\/\",\"url\":\"https:\\\/\\\/digital-compliance-group.de\\\/12tower\\\/impressum\\\/\",\"name\":\"Impressum - 12Tower\",\"isPartOf\":{\"@id\":\"https:\\\/\\\/digital-compliance-group.de\\\/12tower\\\/#website\"},\"datePublished\":\"2023-07-10T12:28:20+00:00\",\"dateModified\":\"2024-07-29T11:19:23+00:00\",\"breadcrumb\":{\"@id\":\"https:\\\/\\\/digital-compliance-group.de\\\/12tower\\\/impressum\\\/#breadcrumb\"},\"inLanguage\":\"de\",\"potentialAction\":[{\"@type\":\"ReadAction\",\"target\":[\"https:\\\/\\\/digital-compliance-group.de\\\/12tower\\\/impressum\\\/\"]}]},{\"@type\":\"BreadcrumbList\",\"@id\":\"https:\\\/\\\/digital-compliance-group.de\\\/12tower\\\/impressum\\\/#breadcrumb\",\"itemListElement\":[{\"@type\":\"ListItem\",\"position\":1,\"name\":\"Home\",\"item\":\"https:\\\/\\\/digital-compliance-group.de\\\/12tower\\\/\"},{\"@type\":\"ListItem\",\"position\":2,\"name\":\"Impressum\"}]},{\"@type\":\"WebSite\",\"@id\":\"https:\\\/\\\/digital-compliance-group.de\\\/12tower\\\/#website\",\"url\":\"https:\\\/\\\/digital-compliance-group.de\\\/12tower\\\/\",\"name\":\"12Tower\",\"description\":\"Digital Compliance Group\",\"publisher\":{\"@id\":\"https:\\\/\\\/digital-compliance-group.de\\\/12tower\\\/#organization\"},\"potentialAction\":[{\"@type\":\"SearchAction\",\"target\":{\"@type\":\"EntryPoint\",\"urlTemplate\":\"https:\\\/\\\/digital-compliance-group.de\\\/12tower\\\/?s={search_term_string}\"},\"query-input\":{\"@type\":\"PropertyValueSpecification\",\"valueRequired\":true,\"valueName\":\"search_term_string\"}}],\"inLanguage\":\"de\"},{\"@type\":\"Organization\",\"@id\":\"https:\\\/\\\/digital-compliance-group.de\\\/12tower\\\/#organization\",\"name\":\"12Tower\",\"url\":\"https:\\\/\\\/digital-compliance-group.de\\\/12tower\\\/\",\"logo\":{\"@type\":\"ImageObject\",\"inLanguage\":\"de\",\"@id\":\"https:\\\/\\\/digital-compliance-group.de\\\/12tower\\\/#\\\/schema\\\/logo\\\/image\\\/\",\"url\":\"https:\\\/\\\/digital-compliance-group.de\\\/12tower\\\/wp-content\\\/uploads\\\/sites\\\/6\\\/2024\\\/08\\\/12TG_cropped.png\",\"contentUrl\":\"https:\\\/\\\/digital-compliance-group.de\\\/12tower\\\/wp-content\\\/uploads\\\/sites\\\/6\\\/2024\\\/08\\\/12TG_cropped.png\",\"width\":242,\"height\":242,\"caption\":\"12Tower \"},\"image\":{\"@id\":\"https:\\\/\\\/digital-compliance-group.de\\\/12tower\\\/#\\\/schema\\\/logo\\\/image\\\/\"}}]}<\/script>\n<!-- \/ Yoast SEO plugin. -->","yoast_head_json":{"title":"Impressum - 12Tower","robots":{"index":"index","follow":"follow","max-snippet":"max-snippet:-1","max-image-preview":"max-image-preview:large","max-video-preview":"max-video-preview:-1"},"canonical":"https:\/\/digital-compliance-group.de\/12tower\/impressum\/","og_locale":"de_DE","og_type":"article","og_title":"Impressum - 12Tower","og_description":"Impressum ANGABEN GEM\u00c4SS \u00a75 TMG 12Tower GmbH Mitterweg 36a 83233 Bernau am Chiemsee Umsatzsteuer-ID:&nbsp;DE316398718 Amtsgericht Traunstein \u2013 Registergericht, HRB 26708 Telefon:&nbsp;+49 (0)176 325 728 96 E-Mail:&nbsp;info@12tower.de Vertreten durch:&nbsp;Gesch\u00e4ftsf\u00fchrer Dr. Florian Modlinger HAFTUNGSAUSSCHLUSS Haftung f\u00fcr inhalte Die Inhalte unserer Seiten wurden mit gr\u00f6\u00dfter Sorgfalt erstellt. F\u00fcr die Richtigkeit, Vollst\u00e4ndigkeit und Aktualit\u00e4t der Inhalte k\u00f6nnen wir jedoch [&hellip;]","og_url":"https:\/\/digital-compliance-group.de\/12tower\/impressum\/","og_site_name":"12Tower","article_modified_time":"2024-07-29T11:19:23+00:00","twitter_card":"summary_large_image","twitter_misc":{"Gesch\u00e4tzte Lesezeit":"3\u00a0Minuten"},"schema":{"@context":"https:\/\/schema.org","@graph":[{"@type":"WebPage","@id":"https:\/\/digital-compliance-group.de\/12tower\/impressum\/","url":"https:\/\/digital-compliance-group.de\/12tower\/impressum\/","name":"Impressum - 12Tower","isPartOf":{"@id":"https:\/\/digital-compliance-group.de\/12tower\/#website"},"datePublished":"2023-07-10T12:28:20+00:00","dateModified":"2024-07-29T11:19:23+00:00","breadcrumb":{"@id":"https:\/\/digital-compliance-group.de\/12tower\/impressum\/#breadcrumb"},"inLanguage":"de","potentialAction":[{"@type":"ReadAction","target":["https:\/\/digital-compliance-group.de\/12tower\/impressum\/"]}]},{"@type":"BreadcrumbList","@id":"https:\/\/digital-compliance-group.de\/12tower\/impressum\/#breadcrumb","itemListElement":[{"@type":"ListItem","position":1,"name":"Home","item":"https:\/\/digital-compliance-group.de\/12tower\/"},{"@type":"ListItem","position":2,"name":"Impressum"}]},{"@type":"WebSite","@id":"https:\/\/digital-compliance-group.de\/12tower\/#website","url":"https:\/\/digital-compliance-group.de\/12tower\/","name":"12Tower","description":"Digital Compliance Group","publisher":{"@id":"https:\/\/digital-compliance-group.de\/12tower\/#organization"},"potentialAction":[{"@type":"SearchAction","target":{"@type":"EntryPoint","urlTemplate":"https:\/\/digital-compliance-group.de\/12tower\/?s={search_term_string}"},"query-input":{"@type":"PropertyValueSpecification","valueRequired":true,"valueName":"search_term_string"}}],"inLanguage":"de"},{"@type":"Organization","@id":"https:\/\/digital-compliance-group.de\/12tower\/#organization","name":"12Tower","url":"https:\/\/digital-compliance-group.de\/12tower\/","logo":{"@type":"ImageObject","inLanguage":"de","@id":"https:\/\/digital-compliance-group.de\/12tower\/#\/schema\/logo\/image\/","url":"https:\/\/digital-compliance-group.de\/12tower\/wp-content\/uploads\/sites\/6\/2024\/08\/12TG_cropped.png","contentUrl":"https:\/\/digital-compliance-group.de\/12tower\/wp-content\/uploads\/sites\/6\/2024\/08\/12TG_cropped.png","width":242,"height":242,"caption":"12Tower "},"image":{"@id":"https:\/\/digital-compliance-group.de\/12tower\/#\/schema\/logo\/image\/"}}]}},"_links":{"self":[{"href":"https:\/\/digital-compliance-group.de\/12tower\/wp-json\/wp\/v2\/pages\/477","targetHints":{"allow":["GET"]}}],"collection":[{"href":"https:\/\/digital-compliance-group.de\/12tower\/wp-json\/wp\/v2\/pages"}],"about":[{"href":"https:\/\/digital-compliance-group.de\/12tower\/wp-json\/wp\/v2\/types\/page"}],"author":[{"embeddable":true,"href":"https:\/\/digital-compliance-group.de\/12tower\/wp-json\/wp\/v2\/users\/2"}],"replies":[{"embeddable":true,"href":"https:\/\/digital-compliance-group.de\/12tower\/wp-json\/wp\/v2\/comments?post=477"}],"version-history":[{"count":68,"href":"https:\/\/digital-compliance-group.de\/12tower\/wp-json\/wp\/v2\/pages\/477\/revisions"}],"predecessor-version":[{"id":1880,"href":"https:\/\/digital-compliance-group.de\/12tower\/wp-json\/wp\/v2\/pages\/477\/revisions\/1880"}],"wp:attachment":[{"href":"https:\/\/digital-compliance-group.de\/12tower\/wp-json\/wp\/v2\/media?parent=477"}],"curies":[{"name":"wp","href":"https:\/\/api.w.org\/{rel}","templated":true}]}}